{"id":126,"date":"2022-04-21T09:28:59","date_gmt":"2022-04-21T07:28:59","guid":{"rendered":"https:\/\/staging.hypotheekwinkel.be\/en\/?page_id=126"},"modified":"2023-07-04T15:19:43","modified_gmt":"2023-07-04T13:19:43","slug":"a-propos","status":"publish","type":"page","link":"https:\/\/staging.hypotheekwinkel.be\/fr\/a-propos\/","title":{"rendered":"\u00c0 propos de hypotheek.winkel"},"content":{"rendered":"\n<section\n    class=\"b-block b-hero text-center pt-5 pt-md-6 pt-xxl-7\"\n        aria-labelledby=\"block_62a88c10120b4-title\"\n    fetchpriority=\"high\"\n>\n    <div class=\"b-hero__container container\">\n        <div class=\"b-hero__inner\">\n                            <div class=\"row justify-content-center mt-auto mt-sm-0\">\n                    <div class=\"col-lg-10 col-xl-9\">\n                        <h1 id=\"block_62a88c10120b4-title\">\u00c0 propos de hypotheek.winkel<\/h1>\n                                            <\/div>\n                <\/div>\n            \n            \n                    <\/div>\n    <\/div>\n<\/section>\n\n\n\n<svg class=\"b-image-text__clip svg\">\n    <clipPath id=\"image-text-clip\" clipPathUnits=\"objectBoundingBox\"><path d=\"M0.154,0.18 C0.253,0.077,0.389,0.017,0.564,0.001 c0.262,-0.024,0.395,0.246,0.406,0.282 c0.011,0.036,0.124,0.383,-0.166,0.598 c-0.29,0.216,-0.562,0.074,-0.594,0.05 C0.178,0.907,-0.037,0.745,0.006,0.514 c0.028,-0.154,0.078,-0.265,0.148,-0.334\"><\/path><\/clipPath>\n<\/svg>\n\n<section\n    class=\"b-block b-image-text pt-5 pt-md-6 pt-xl-7 pt-xxl-9 pb-5 pb-md-6 pb-xl-7 pb-xxl-9\"\n    aria-labelledby=\"block_62a88c03120b3-title\"\n>\n    <div class=\"container\">\n        <div class=\"row align-items-center\">\n            <div class=\"col-lg-6\">\n                                        <figure class=\"b-image-text__img\">\n                            <img loading=\"lazy\" decoding=\"async\" width=\"1024\" height=\"797\" src=\"https:\/\/staging.hypotheekwinkel.be\/content\/uploads\/2022\/06\/Lommel-2-1-e1655213879881-1024x797.jpg\" class=\"img-fluid\" alt=\"\" title=\"Lommel (2) (1)\" srcset=\"https:\/\/staging.hypotheekwinkel.be\/content\/uploads\/2022\/06\/Lommel-2-1-e1655213879881-1024x797.jpg 1024w, https:\/\/staging.hypotheekwinkel.be\/content\/uploads\/2022\/06\/Lommel-2-1-e1655213879881-300x234.jpg 300w, https:\/\/staging.hypotheekwinkel.be\/content\/uploads\/2022\/06\/Lommel-2-1-e1655213879881-768x598.jpg 768w, https:\/\/staging.hypotheekwinkel.be\/content\/uploads\/2022\/06\/Lommel-2-1-e1655213879881-600x467.jpg 600w, https:\/\/staging.hypotheekwinkel.be\/content\/uploads\/2022\/06\/Lommel-2-1-e1655213879881-1066x830.jpg 1066w, https:\/\/staging.hypotheekwinkel.be\/content\/uploads\/2022\/06\/Lommel-2-1-e1655213879881-732x570.jpg 732w, https:\/\/staging.hypotheekwinkel.be\/content\/uploads\/2022\/06\/Lommel-2-1-e1655213879881.jpg 1372w\" sizes=\"(max-width: 1024px) 100vw, 1024px\" \/>                        <\/figure>\n                            <\/div>\n            <div class=\"col-lg-6 col-xl-5 offset-xl-1\">\n                                    <div class=\"row mb-4 mb-xl-5\">\n                        <div class=\"col\">\n                            <h2 class=\"\" id=\"block_62a88c03120b3-title\">Nous sommes avant tout des experts hypoth\u00e9caires <\/h2>\n                        <\/div>\n                    <\/div>\n                \n                                    <div class=\"row mb-4\">\n                        <div class=\"col \">\n                            <div class=\"intro \">\n                                <p>Notre mission : aider des futurs propri\u00e9taires \u00e0 trouver le pr\u00eat qui leur convient. <\/p>\n<p>L\u2019achat d\u2019un bien est un sacr\u00e9 projet. hypotheek.winkel a pour but d\u2019aider des couples, familles, cohabitants et c\u00e9libataires \u00e0 chaque \u00e9tape de leur vie dans ce trajet et ce sans rien devoir payer. L\u2019achat d\u2019un bien est synonyme de beaucoup de d\u00e9cisions. Il s\u2019agit souvent de sommes importantes, mais surtout de petites lettres en bas de page avec une importance capitale. <\/p>\n                            <\/div>\n                        <\/div>\n                    <\/div>\n                \n                            <\/div>\n        <\/div>\n    <\/div>\n<\/section>\n\n\n\n<svg class=\"b-image-text__clip svg\">\n    <clipPath id=\"image-text-clip\" clipPathUnits=\"objectBoundingBox\"><path d=\"M0.154,0.18 C0.253,0.077,0.389,0.017,0.564,0.001 c0.262,-0.024,0.395,0.246,0.406,0.282 c0.011,0.036,0.124,0.383,-0.166,0.598 c-0.29,0.216,-0.562,0.074,-0.594,0.05 C0.178,0.907,-0.037,0.745,0.006,0.514 c0.028,-0.154,0.078,-0.265,0.148,-0.334\"><\/path><\/clipPath>\n<\/svg>\n\n<section\n    class=\"b-block bg-light b-image-text pt-5 pt-md-6 pt-xl-7 pt-xxl-9 pb-5 pb-md-6 pb-xl-7 pb-xxl-9\"\n    aria-labelledby=\"block_62a88cd7120b5-title\"\n>\n    <div class=\"container\">\n        <div class=\"row align-items-center\">\n            <div class=\"col-lg-6 order-lg-last offset-xl-1\">\n                                        <figure class=\"b-image-text__img\">\n                            <img loading=\"lazy\" decoding=\"async\" width=\"1024\" height=\"768\" src=\"https:\/\/staging.hypotheekwinkel.be\/content\/uploads\/2022\/06\/HP3-1024x768.jpg\" class=\"img-fluid\" alt=\"\" title=\"HP3\" srcset=\"https:\/\/staging.hypotheekwinkel.be\/content\/uploads\/2022\/06\/HP3-1024x768.jpg 1024w, https:\/\/staging.hypotheekwinkel.be\/content\/uploads\/2022\/06\/HP3-300x225.jpg 300w, https:\/\/staging.hypotheekwinkel.be\/content\/uploads\/2022\/06\/HP3-768x576.jpg 768w, https:\/\/staging.hypotheekwinkel.be\/content\/uploads\/2022\/06\/HP3-1536x1152.jpg 1536w, https:\/\/staging.hypotheekwinkel.be\/content\/uploads\/2022\/06\/HP3-600x450.jpg 600w, https:\/\/staging.hypotheekwinkel.be\/content\/uploads\/2022\/06\/HP3-1107x830.jpg 1107w, https:\/\/staging.hypotheekwinkel.be\/content\/uploads\/2022\/06\/HP3-760x570.jpg 760w, https:\/\/staging.hypotheekwinkel.be\/content\/uploads\/2022\/06\/HP3.jpg 1700w\" sizes=\"(max-width: 1024px) 100vw, 1024px\" \/>                        <\/figure>\n                            <\/div>\n            <div class=\"col-lg-6 col-xl-5 order-lg-first\">\n                                    <div class=\"row mb-4 mb-xl-5\">\n                        <div class=\"col\">\n                            <h2 class=\"\" id=\"block_62a88cd7120b5-title\">Que pouvez-vous attendre de notre part\u202f? <\/h2>\n                        <\/div>\n                    <\/div>\n                \n                                    <div class=\"row mb-4\">\n                        <div class=\"col \">\n                            <div class=\"intro \">\n                                <p>Chez hypotheek.winkel nous vous guidons tel un bon coach \u00e0 travers les diff\u00e9rents cr\u00e9dits hypoth\u00e9caires et trouvons celui qui correspond le mieux \u00e0 votre situation personnelle. Pour commencer, on prend le temps de vous \u00e9couter et de mettre vos d\u00e9sirs en perspectif. <br \/>On compare de fa\u00e7on transparente les prix, la commodit\u00e9, les conditions et les produits de toutes les banques du pays. <br \/>On vous aide \u00e0 choisir et vous explique les tenants et aboutissants de chaque possibilit\u00e9. <br \/>Le choix d\u2019un cr\u00e9dit hypoth\u00e9caire ne se r\u00e9sume pas au taux d\u2019int\u00e9r\u00eat, il est important que le package complet soit fait sur mesure. <\/p>\n                            <\/div>\n                        <\/div>\n                    <\/div>\n                \n                            <\/div>\n        <\/div>\n    <\/div>\n<\/section>\n\n\n\n<svg class=\"b-image-text__clip svg\">\n    <clipPath id=\"image-text-clip\" clipPathUnits=\"objectBoundingBox\"><path d=\"M0.154,0.18 C0.253,0.077,0.389,0.017,0.564,0.001 c0.262,-0.024,0.395,0.246,0.406,0.282 c0.011,0.036,0.124,0.383,-0.166,0.598 c-0.29,0.216,-0.562,0.074,-0.594,0.05 C0.178,0.907,-0.037,0.745,0.006,0.514 c0.028,-0.154,0.078,-0.265,0.148,-0.334\"><\/path><\/clipPath>\n<\/svg>\n\n<section\n    class=\"b-block b-image-text pt-5 pt-md-6 pt-xl-7 pt-xxl-9 pb-5 pb-md-6 pb-xl-7 pb-xxl-9\"\n    aria-labelledby=\"block_62a88dc6120b6-title\"\n>\n    <div class=\"container\">\n        <div class=\"row align-items-center\">\n            <div class=\"col-lg-6\">\n                                        <figure class=\"b-image-text__img\">\n                            <img loading=\"lazy\" decoding=\"async\" width=\"1024\" height=\"683\" src=\"https:\/\/staging.hypotheekwinkel.be\/content\/uploads\/2022\/06\/Lommel-3-1-1-1024x683.jpg\" class=\"img-fluid\" alt=\"\" title=\"Lommel (3) (1) (1)\" srcset=\"https:\/\/staging.hypotheekwinkel.be\/content\/uploads\/2022\/06\/Lommel-3-1-1-1024x683.jpg 1024w, https:\/\/staging.hypotheekwinkel.be\/content\/uploads\/2022\/06\/Lommel-3-1-1-300x200.jpg 300w, https:\/\/staging.hypotheekwinkel.be\/content\/uploads\/2022\/06\/Lommel-3-1-1-768x512.jpg 768w, https:\/\/staging.hypotheekwinkel.be\/content\/uploads\/2022\/06\/Lommel-3-1-1-1536x1024.jpg 1536w, https:\/\/staging.hypotheekwinkel.be\/content\/uploads\/2022\/06\/Lommel-3-1-1-600x400.jpg 600w, https:\/\/staging.hypotheekwinkel.be\/content\/uploads\/2022\/06\/Lommel-3-1-1-1175x784.jpg 1175w, https:\/\/staging.hypotheekwinkel.be\/content\/uploads\/2022\/06\/Lommel-3-1-1-855x570.jpg 855w, https:\/\/staging.hypotheekwinkel.be\/content\/uploads\/2022\/06\/Lommel-3-1-1.jpg 1600w\" sizes=\"(max-width: 1024px) 100vw, 1024px\" \/>                        <\/figure>\n                            <\/div>\n            <div class=\"col-lg-6 col-xl-5 offset-xl-1\">\n                                    <div class=\"row mb-4 mb-xl-5\">\n                        <div class=\"col\">\n                            <h2 class=\"\" id=\"block_62a88dc6120b6-title\">Quels sont les avantages pour vous\u202f? <\/h2>\n                        <\/div>\n                    <\/div>\n                \n                                    <div class=\"row mb-4\">\n                        <div class=\"col \">\n                            <div class=\"intro \">\n                                <p>Gr\u00e2ce \u00e0 notre accompagnement, vous ne serez plus oblig\u00e9 de parcourir le pays afin de trouver la banque qui vous correspond. Notre expert chez hypotheek.winkel se charge de faire le tri \u00e0 votre place en comparant et vous pr\u00e9sentant les diff\u00e9rentes banques qui vous correspondent ainsi qu\u2019\u00e0 votre projet. Notre expert prendra aussi en compte vos attentes personnelles ainsi que vos objectifs futurs. <br \/>De plus, nous ne sommes pas li\u00e9s \u00e0 des banques en particulier. On ne s\u2019occupe que d\u2019une chose\u202f: garantir vos besoins tel un bon p\u00e8re de famille. Ainsi, vous pouvez \u00eatre s\u00fbr qu\u2019on vous obtienne le meilleur deal possible. <\/p>\n                            <\/div>\n                        <\/div>\n                    <\/div>\n                \n                            <\/div>\n        <\/div>\n    <\/div>\n<\/section>\n\n\n\n<svg class=\"b-image-text__clip svg\">\n    <clipPath id=\"image-text-clip\" clipPathUnits=\"objectBoundingBox\"><path d=\"M0.154,0.18 C0.253,0.077,0.389,0.017,0.564,0.001 c0.262,-0.024,0.395,0.246,0.406,0.282 c0.011,0.036,0.124,0.383,-0.166,0.598 c-0.29,0.216,-0.562,0.074,-0.594,0.05 C0.178,0.907,-0.037,0.745,0.006,0.514 c0.028,-0.154,0.078,-0.265,0.148,-0.334\"><\/path><\/clipPath>\n<\/svg>\n\n<section\n    class=\"b-block b-image-text pt-5 pt-md-6 pt-xl-7 pt-xxl-9 pb-5 pb-md-6 pb-xl-7 pb-xxl-9\"\n    aria-labelledby=\"block_62a88e40120b7-title\"\n>\n    <div class=\"container\">\n        <div class=\"row align-items-center\">\n            <div class=\"col-lg-6 order-lg-last offset-xl-1\">\n                                        <figure class=\"b-image-text__img\">\n                            <img loading=\"lazy\" decoding=\"async\" width=\"768\" height=\"1024\" src=\"https:\/\/staging.hypotheekwinkel.be\/content\/uploads\/2022\/06\/Roeselare-22-2-768x1024.jpg\" class=\"img-fluid\" alt=\"\" title=\"Roeselare-22 (2)\" srcset=\"https:\/\/staging.hypotheekwinkel.be\/content\/uploads\/2022\/06\/Roeselare-22-2-768x1023.jpg 768w, https:\/\/staging.hypotheekwinkel.be\/content\/uploads\/2022\/06\/Roeselare-22-2-225x300.jpg 225w, https:\/\/staging.hypotheekwinkel.be\/content\/uploads\/2022\/06\/Roeselare-22-2-1153x1536.jpg 1153w, https:\/\/staging.hypotheekwinkel.be\/content\/uploads\/2022\/06\/Roeselare-22-2-600x800.jpg 600w, https:\/\/staging.hypotheekwinkel.be\/content\/uploads\/2022\/06\/Roeselare-22-2-623x830.jpg 623w, https:\/\/staging.hypotheekwinkel.be\/content\/uploads\/2022\/06\/Roeselare-22-2-428x570.jpg 428w, https:\/\/staging.hypotheekwinkel.be\/content\/uploads\/2022\/06\/Roeselare-22-2.jpg 1200w\" sizes=\"(max-width: 768px) 100vw, 768px\" \/>                        <\/figure>\n                            <\/div>\n            <div class=\"col-lg-6 col-xl-5 order-lg-first\">\n                                    <div class=\"row mb-4 mb-xl-5\">\n                        <div class=\"col\">\n                            <h2 class=\"\" id=\"block_62a88e40120b7-title\">Et ce n\u2019est pas tout\u2026 <\/h2>\n                        <\/div>\n                    <\/div>\n                \n                                    <div class=\"row mb-4\">\n                        <div class=\"col \">\n                            <div class=\"intro \">\n                                <p>Par ailleurs, on reste \u00e0 vos c\u00f4t\u00e9s durant chaque \u00e9tape de l\u2019achat de votre habitation.<br \/>\nOn vous donne des conseils quant \u00e0 l\u2019offre \u00e0 faire, la signature du compromis, une r\u00e9novation \u00e9nerg\u00e9tique et ce y compris jusqu\u2019au jour o\u00f9 vous vous retrouvez chez le <a href=\"https:\/\/staging.hypotheekwinkel.be\/fr\/simulation\/frais-de-notaire-calcul\/\">notaire<\/a>.<br \/>\nPlus fort encore\u202f: on garde votre dossier proactivement \u00e0 l\u2019\u0153il et vous suit sur le long terme. <\/p>\n<p>Besoin d\u2019un pr\u00eat qui vous convient vous et votre projet\u202f? Une seule adresse\u202f: hypotheek.winkel\u202f <\/p>\n                            <\/div>\n                        <\/div>\n                    <\/div>\n                \n                            <\/div>\n        <\/div>\n    <\/div>\n<\/section>\n","protected":false},"excerpt":{"rendered":"","protected":false},"author":1,"featured_media":0,"parent":0,"menu_order":0,"comment_status":"closed","ping_status":"closed","template":"","meta":{"_acf_changed":false,"content-type":"","footnotes":""},"class_list":["post-126","page","type-page","status-publish","hentry"],"acf":[],"yoast_head":"<!-- This site is optimized with the Yoast SEO Premium plugin v20.1 (Yoast SEO v27.2) - https:\/\/yoast.com\/product\/yoast-seo-premium-wordpress\/ -->\n<title>\u00c0 propos de hypotheek.winkel | hypotheek.winkel<\/title>\n<meta name=\"description\" content=\"Pour des conseils sur un pr\u00eat, vous \u00eates \u00e0 la bonne adresse chez nous. Nous recueillons toutes les informations sur les pr\u00eats hypoth\u00e9caires et les organisons de mani\u00e8re objective pour vous.\" \/>\n<meta name=\"robots\" content=\"noindex, follow, max-snippet:-1, max-image-preview:large, max-video-preview:-1\" \/>\n<meta property=\"og:locale\" content=\"fr_FR\" \/>\n<meta property=\"og:type\" content=\"article\" \/>\n<meta property=\"og:title\" content=\"\u00c0 propos de hypotheek.winkel\" \/>\n<meta property=\"og:description\" content=\"Pour des conseils sur un pr\u00eat, vous \u00eates \u00e0 la bonne adresse chez nous. Nous recueillons toutes les informations sur les pr\u00eats hypoth\u00e9caires et les organisons de mani\u00e8re objective pour vous.\" \/>\n<meta property=\"og:url\" content=\"https:\/\/staging.hypotheekwinkel.be\/fr\/a-propos\/\" \/>\n<meta property=\"og:site_name\" content=\"hypotheek.winkel\" \/>\n<meta property=\"article:publisher\" content=\"https:\/\/www.facebook.com\/hypotheek.winkel\" \/>\n<meta property=\"article:modified_time\" content=\"2023-07-04T13:19:43+00:00\" \/>\n<meta name=\"twitter:card\" content=\"summary_large_image\" \/>\n<script type=\"application\/ld+json\" class=\"yoast-schema-graph\">{\"@context\":\"https:\/\/schema.org\",\"@graph\":[{\"@type\":\"WebPage\",\"@id\":\"https:\/\/staging.hypotheekwinkel.be\/fr\/a-propos\/\",\"url\":\"https:\/\/staging.hypotheekwinkel.be\/fr\/a-propos\/\",\"name\":\"\u00c0 propos de hypotheek.winkel | hypotheek.winkel\",\"isPartOf\":{\"@id\":\"https:\/\/staging.hypotheekwinkel.be\/fr\/#website\"},\"datePublished\":\"2022-04-21T07:28:59+00:00\",\"dateModified\":\"2023-07-04T13:19:43+00:00\",\"description\":\"Pour des conseils sur un pr\u00eat, vous \u00eates \u00e0 la bonne adresse chez nous. Nous recueillons toutes les informations sur les pr\u00eats hypoth\u00e9caires et les organisons de mani\u00e8re objective pour vous.\",\"breadcrumb\":{\"@id\":\"https:\/\/staging.hypotheekwinkel.be\/fr\/a-propos\/#breadcrumb\"},\"inLanguage\":\"fr-FR\",\"potentialAction\":[{\"@type\":\"ReadAction\",\"target\":[\"https:\/\/staging.hypotheekwinkel.be\/fr\/a-propos\/\"]}]},{\"@type\":\"BreadcrumbList\",\"@id\":\"https:\/\/staging.hypotheekwinkel.be\/fr\/a-propos\/#breadcrumb\",\"itemListElement\":[{\"@type\":\"ListItem\",\"position\":1,\"name\":\"Home\",\"item\":\"https:\/\/staging.hypotheekwinkel.be\/fr\/\"},{\"@type\":\"ListItem\",\"position\":2,\"name\":\"\u00c0 propos de hypotheek.winkel\"}]},{\"@type\":\"WebSite\",\"@id\":\"https:\/\/staging.hypotheekwinkel.be\/fr\/#website\",\"url\":\"https:\/\/staging.hypotheekwinkel.be\/fr\/\",\"name\":\"hypotheek.winkel\",\"description\":\"\",\"publisher\":{\"@id\":\"https:\/\/staging.hypotheekwinkel.be\/fr\/#organization\"},\"potentialAction\":[{\"@type\":\"SearchAction\",\"target\":{\"@type\":\"EntryPoint\",\"urlTemplate\":\"https:\/\/staging.hypotheekwinkel.be\/fr\/?s={search_term_string}\"},\"query-input\":{\"@type\":\"PropertyValueSpecification\",\"valueRequired\":true,\"valueName\":\"search_term_string\"}}],\"inLanguage\":\"fr-FR\"},{\"@type\":\"Organization\",\"@id\":\"https:\/\/staging.hypotheekwinkel.be\/fr\/#organization\",\"name\":\"hypotheek.winkel\",\"url\":\"https:\/\/staging.hypotheekwinkel.be\/fr\/\",\"logo\":{\"@type\":\"ImageObject\",\"inLanguage\":\"fr-FR\",\"@id\":\"https:\/\/staging.hypotheekwinkel.be\/fr\/#\/schema\/logo\/image\/\",\"url\":\"https:\/\/staging.hypotheekwinkel.be\/content\/uploads\/2022\/08\/HypotheekwinkelLogo_CMYK.png\",\"contentUrl\":\"https:\/\/staging.hypotheekwinkel.be\/content\/uploads\/2022\/08\/HypotheekwinkelLogo_CMYK.png\",\"width\":1919,\"height\":1357,\"caption\":\"hypotheek.winkel\"},\"image\":{\"@id\":\"https:\/\/staging.hypotheekwinkel.be\/fr\/#\/schema\/logo\/image\/\"},\"sameAs\":[\"https:\/\/www.facebook.com\/hypotheek.winkel\"]}]}<\/script>\n<!-- \/ Yoast SEO Premium plugin. -->","yoast_head_json":{"title":"\u00c0 propos de hypotheek.winkel | hypotheek.winkel","description":"Pour des conseils sur un pr\u00eat, vous \u00eates \u00e0 la bonne adresse chez nous. Nous recueillons toutes les informations sur les pr\u00eats hypoth\u00e9caires et les organisons de mani\u00e8re objective pour vous.","robots":{"index":"noindex","follow":"follow","max-snippet":"max-snippet:-1","max-image-preview":"max-image-preview:large","max-video-preview":"max-video-preview:-1"},"og_locale":"fr_FR","og_type":"article","og_title":"\u00c0 propos de hypotheek.winkel","og_description":"Pour des conseils sur un pr\u00eat, vous \u00eates \u00e0 la bonne adresse chez nous. Nous recueillons toutes les informations sur les pr\u00eats hypoth\u00e9caires et les organisons de mani\u00e8re objective pour vous.","og_url":"https:\/\/staging.hypotheekwinkel.be\/fr\/a-propos\/","og_site_name":"hypotheek.winkel","article_publisher":"https:\/\/www.facebook.com\/hypotheek.winkel","article_modified_time":"2023-07-04T13:19:43+00:00","twitter_card":"summary_large_image","schema":{"@context":"https:\/\/schema.org","@graph":[{"@type":"WebPage","@id":"https:\/\/staging.hypotheekwinkel.be\/fr\/a-propos\/","url":"https:\/\/staging.hypotheekwinkel.be\/fr\/a-propos\/","name":"\u00c0 propos de hypotheek.winkel | hypotheek.winkel","isPartOf":{"@id":"https:\/\/staging.hypotheekwinkel.be\/fr\/#website"},"datePublished":"2022-04-21T07:28:59+00:00","dateModified":"2023-07-04T13:19:43+00:00","description":"Pour des conseils sur un pr\u00eat, vous \u00eates \u00e0 la bonne adresse chez nous. Nous recueillons toutes les informations sur les pr\u00eats hypoth\u00e9caires et les organisons de mani\u00e8re objective pour vous.","breadcrumb":{"@id":"https:\/\/staging.hypotheekwinkel.be\/fr\/a-propos\/#breadcrumb"},"inLanguage":"fr-FR","potentialAction":[{"@type":"ReadAction","target":["https:\/\/staging.hypotheekwinkel.be\/fr\/a-propos\/"]}]},{"@type":"BreadcrumbList","@id":"https:\/\/staging.hypotheekwinkel.be\/fr\/a-propos\/#breadcrumb","itemListElement":[{"@type":"ListItem","position":1,"name":"Home","item":"https:\/\/staging.hypotheekwinkel.be\/fr\/"},{"@type":"ListItem","position":2,"name":"\u00c0 propos de hypotheek.winkel"}]},{"@type":"WebSite","@id":"https:\/\/staging.hypotheekwinkel.be\/fr\/#website","url":"https:\/\/staging.hypotheekwinkel.be\/fr\/","name":"hypotheek.winkel","description":"","publisher":{"@id":"https:\/\/staging.hypotheekwinkel.be\/fr\/#organization"},"potentialAction":[{"@type":"SearchAction","target":{"@type":"EntryPoint","urlTemplate":"https:\/\/staging.hypotheekwinkel.be\/fr\/?s={search_term_string}"},"query-input":{"@type":"PropertyValueSpecification","valueRequired":true,"valueName":"search_term_string"}}],"inLanguage":"fr-FR"},{"@type":"Organization","@id":"https:\/\/staging.hypotheekwinkel.be\/fr\/#organization","name":"hypotheek.winkel","url":"https:\/\/staging.hypotheekwinkel.be\/fr\/","logo":{"@type":"ImageObject","inLanguage":"fr-FR","@id":"https:\/\/staging.hypotheekwinkel.be\/fr\/#\/schema\/logo\/image\/","url":"https:\/\/staging.hypotheekwinkel.be\/content\/uploads\/2022\/08\/HypotheekwinkelLogo_CMYK.png","contentUrl":"https:\/\/staging.hypotheekwinkel.be\/content\/uploads\/2022\/08\/HypotheekwinkelLogo_CMYK.png","width":1919,"height":1357,"caption":"hypotheek.winkel"},"image":{"@id":"https:\/\/staging.hypotheekwinkel.be\/fr\/#\/schema\/logo\/image\/"},"sameAs":["https:\/\/www.facebook.com\/hypotheek.winkel"]}]}},"_links":{"self":[{"href":"https:\/\/staging.hypotheekwinkel.be\/fr\/wp-json\/wp\/v2\/pages\/126","targetHints":{"allow":["GET"]}}],"collection":[{"href":"https:\/\/staging.hypotheekwinkel.be\/fr\/wp-json\/wp\/v2\/pages"}],"about":[{"href":"https:\/\/staging.hypotheekwinkel.be\/fr\/wp-json\/wp\/v2\/types\/page"}],"author":[{"embeddable":true,"href":"https:\/\/staging.hypotheekwinkel.be\/fr\/wp-json\/wp\/v2\/users\/1"}],"replies":[{"embeddable":true,"href":"https:\/\/staging.hypotheekwinkel.be\/fr\/wp-json\/wp\/v2\/comments?post=126"}],"version-history":[{"count":16,"href":"https:\/\/staging.hypotheekwinkel.be\/fr\/wp-json\/wp\/v2\/pages\/126\/revisions"}],"predecessor-version":[{"id":7599,"href":"https:\/\/staging.hypotheekwinkel.be\/fr\/wp-json\/wp\/v2\/pages\/126\/revisions\/7599"}],"wp:attachment":[{"href":"https:\/\/staging.hypotheekwinkel.be\/fr\/wp-json\/wp\/v2\/media?parent=126"}],"curies":[{"name":"wp","href":"https:\/\/api.w.org\/{rel}","templated":true}]}}