{"id":519,"date":"2022-04-21T10:59:24","date_gmt":"2022-04-21T08:59:24","guid":{"rendered":"https:\/\/staging.hypotheekwinkel.be\/en\/?page_id=519"},"modified":"2022-07-26T15:05:26","modified_gmt":"2022-07-26T13:05:26","slug":"gratuit","status":"publish","type":"page","link":"https:\/\/staging.hypotheekwinkel.be\/fr\/gratuit\/","title":{"rendered":"Gratuit, comment \u00e7a?"},"content":{"rendered":"\n<section\n    class=\"b-block b-hero text-center pt-5 pt-md-6 pt-xxl-7\"\n        aria-labelledby=\"block_62a86fecbfa09-title\"\n    fetchpriority=\"high\"\n>\n    <div class=\"b-hero__container container\">\n        <div class=\"b-hero__inner\">\n                            <div class=\"row justify-content-center mt-auto mt-sm-0\">\n                    <div class=\"col-lg-10 col-xl-9\">\n                        <h1 id=\"block_62a86fecbfa09-title\">Comment \u00e7a, gratuit <\/h1>\n                                            <\/div>\n                <\/div>\n            \n            \n                    <\/div>\n    <\/div>\n<\/section>\n\n\n\n<svg class=\"b-image-text__clip svg\">\n    <clipPath id=\"image-text-clip\" clipPathUnits=\"objectBoundingBox\"><path d=\"M0.154,0.18 C0.253,0.077,0.389,0.017,0.564,0.001 c0.262,-0.024,0.395,0.246,0.406,0.282 c0.011,0.036,0.124,0.383,-0.166,0.598 c-0.29,0.216,-0.562,0.074,-0.594,0.05 C0.178,0.907,-0.037,0.745,0.006,0.514 c0.028,-0.154,0.078,-0.265,0.148,-0.334\"><\/path><\/clipPath>\n<\/svg>\n\n<section\n    class=\"b-block b-image-text pt-5 pt-md-6 pt-xl-7 pt-xxl-9 pb-5 pb-md-6 pb-xl-7 pb-xxl-9\"\n    aria-labelledby=\"block_62a86f31bfa06-title\"\n>\n    <div class=\"container\">\n        <div class=\"row align-items-center\">\n            <div class=\"col-lg-6\">\n                                        <figure class=\"b-image-text__img\">\n                            <img loading=\"lazy\" decoding=\"async\" width=\"1024\" height=\"815\" src=\"https:\/\/staging.hypotheekwinkel.be\/content\/uploads\/2022\/06\/HP2B-1024x815.jpg\" class=\"img-fluid\" alt=\"\" title=\"HP2B\" srcset=\"https:\/\/staging.hypotheekwinkel.be\/content\/uploads\/2022\/06\/HP2B-1024x815.jpg 1024w, https:\/\/staging.hypotheekwinkel.be\/content\/uploads\/2022\/06\/HP2B-300x239.jpg 300w, https:\/\/staging.hypotheekwinkel.be\/content\/uploads\/2022\/06\/HP2B-768x612.jpg 768w, https:\/\/staging.hypotheekwinkel.be\/content\/uploads\/2022\/06\/HP2B-1536x1223.jpg 1536w, https:\/\/staging.hypotheekwinkel.be\/content\/uploads\/2022\/06\/HP2B-600x478.jpg 600w, https:\/\/staging.hypotheekwinkel.be\/content\/uploads\/2022\/06\/HP2B-1042x830.jpg 1042w, https:\/\/staging.hypotheekwinkel.be\/content\/uploads\/2022\/06\/HP2B-716x570.jpg 716w, https:\/\/staging.hypotheekwinkel.be\/content\/uploads\/2022\/06\/HP2B.jpg 1571w\" sizes=\"(max-width: 1024px) 100vw, 1024px\" \/>                        <\/figure>\n                            <\/div>\n            <div class=\"col-lg-6 col-xl-5 offset-xl-1\">\n                \n                                    <div class=\"row mb-4\">\n                        <div class=\"col \">\n                            <div class=\"intro \">\n                                <p>Vous doutez de notre engagement absolu envers vous\u202f? <\/p>\n<p>Oubliez \u00e7a\u202f! Les 25 banques partenaires de hypotheek.winkel nous r\u00e9mun\u00e8rent quasi de la m\u00eame fa\u00e7on. Nous n\u2019avons donc aucun int\u00e9r\u00eat de vous pousser vers la direction d\u2019une banque en particulier. Vous pouvez vous attendre \u00e0 un accompagnement honn\u00eate et ind\u00e9pendant de notre part. <\/p>\n<p>On a dit gratuit\u202f? <\/p>\n<p>Une premi\u00e8re entrevue vous co\u00fbtera une heure de votre temps. Cette heure vous d\u00e9voilera n\u00e9anmoins \u00e0 quoi ressemblera votre futur immobilier. N\u2019est-ce pas l\u2019affaire du si\u00e8cle\u202f? Vous avez encore des questions\u202f? Jetez un coup d\u2019\u0153il \u00e0 nos questions les plus fr\u00e9quemment pos\u00e9es. <\/p>\n                            <\/div>\n                        <\/div>\n                    <\/div>\n                \n                            <\/div>\n        <\/div>\n    <\/div>\n<\/section>\n\n\n\n<section\n    class=\"b-block b-cta text-center\"\n    data-count=\"1\"\n    aria-labelledby=\"block_62a86f57bfa07-title\"\n>\n    <div class=\"container\">\n        <div class=\"b-cta__inner\">\n            <div class=\"row justify-content-center\">\n                <div class=\"col col-11 col-lg-10 col-xl-8 py-5 py-xl-6\">\n                    \n                                                                <ul class=\"b-cta__cta-list list-unstyled mb-0\">\n                                                                                                <li>\n                                        <a href=\"https:\/\/staging.hypotheekwinkel.be\/fr\/prenez-un-rendez-vous\/\" class=\"btn btn-secondary slim\"\n                                           target=\"\">\n                                            Prenez un rendez-vous                                        <\/a>\n                                    <\/li>\n                                                                                    <\/ul>\n                                    <\/div>\n            <\/div>\n        <\/div>\n    <\/div>\n<\/section>\n","protected":false},"excerpt":{"rendered":"","protected":false},"author":2,"featured_media":0,"parent":0,"menu_order":0,"comment_status":"closed","ping_status":"closed","template":"","meta":{"_acf_changed":false,"content-type":"","footnotes":""},"class_list":["post-519","page","type-page","status-publish","hentry"],"acf":[],"yoast_head":"<!-- This site is optimized with the Yoast SEO Premium plugin v20.1 (Yoast SEO v27.2) - https:\/\/yoast.com\/product\/yoast-seo-premium-wordpress\/ -->\n<title>Gratuit, comment \u00e7a? | hypotheek.winkel<\/title>\n<meta name=\"description\" content=\"Les 25 banques partenaires de hypotheek.winkel nous r\u00e9mun\u00e8rent quasi de la m\u00eame fa\u00e7on. Nous n\u2019avons donc aucun int\u00e9r\u00eat de vous pousser vers la direction d\u2019une banque en particulier.\" \/>\n<meta name=\"robots\" content=\"noindex, follow, max-snippet:-1, max-image-preview:large, max-video-preview:-1\" \/>\n<meta property=\"og:locale\" content=\"fr_FR\" \/>\n<meta property=\"og:type\" content=\"article\" \/>\n<meta property=\"og:title\" content=\"Gratuit, comment \u00e7a?\" \/>\n<meta property=\"og:description\" content=\"Les 25 banques partenaires de hypotheek.winkel nous r\u00e9mun\u00e8rent quasi de la m\u00eame fa\u00e7on. Nous n\u2019avons donc aucun int\u00e9r\u00eat de vous pousser vers la direction d\u2019une banque en particulier.\" \/>\n<meta property=\"og:url\" content=\"https:\/\/staging.hypotheekwinkel.be\/fr\/gratuit\/\" \/>\n<meta property=\"og:site_name\" content=\"hypotheek.winkel\" \/>\n<meta property=\"article:publisher\" content=\"https:\/\/www.facebook.com\/hypotheek.winkel\" \/>\n<meta property=\"article:modified_time\" content=\"2022-07-26T13:05:26+00:00\" \/>\n<meta name=\"twitter:card\" content=\"summary_large_image\" \/>\n<script type=\"application\/ld+json\" class=\"yoast-schema-graph\">{\"@context\":\"https:\/\/schema.org\",\"@graph\":[{\"@type\":\"WebPage\",\"@id\":\"https:\/\/staging.hypotheekwinkel.be\/fr\/gratuit\/\",\"url\":\"https:\/\/staging.hypotheekwinkel.be\/fr\/gratuit\/\",\"name\":\"Gratuit, comment \u00e7a? | hypotheek.winkel\",\"isPartOf\":{\"@id\":\"https:\/\/staging.hypotheekwinkel.be\/fr\/#website\"},\"datePublished\":\"2022-04-21T08:59:24+00:00\",\"dateModified\":\"2022-07-26T13:05:26+00:00\",\"description\":\"Les 25 banques partenaires de hypotheek.winkel nous r\u00e9mun\u00e8rent quasi de la m\u00eame fa\u00e7on. Nous n\u2019avons donc aucun int\u00e9r\u00eat de vous pousser vers la direction d\u2019une banque en particulier.\",\"breadcrumb\":{\"@id\":\"https:\/\/staging.hypotheekwinkel.be\/fr\/gratuit\/#breadcrumb\"},\"inLanguage\":\"fr-FR\",\"potentialAction\":[{\"@type\":\"ReadAction\",\"target\":[\"https:\/\/staging.hypotheekwinkel.be\/fr\/gratuit\/\"]}]},{\"@type\":\"BreadcrumbList\",\"@id\":\"https:\/\/staging.hypotheekwinkel.be\/fr\/gratuit\/#breadcrumb\",\"itemListElement\":[{\"@type\":\"ListItem\",\"position\":1,\"name\":\"Home\",\"item\":\"https:\/\/staging.hypotheekwinkel.be\/fr\/\"},{\"@type\":\"ListItem\",\"position\":2,\"name\":\"Gratuit, comment \u00e7a?\"}]},{\"@type\":\"WebSite\",\"@id\":\"https:\/\/staging.hypotheekwinkel.be\/fr\/#website\",\"url\":\"https:\/\/staging.hypotheekwinkel.be\/fr\/\",\"name\":\"hypotheek.winkel\",\"description\":\"\",\"publisher\":{\"@id\":\"https:\/\/staging.hypotheekwinkel.be\/fr\/#organization\"},\"potentialAction\":[{\"@type\":\"SearchAction\",\"target\":{\"@type\":\"EntryPoint\",\"urlTemplate\":\"https:\/\/staging.hypotheekwinkel.be\/fr\/?s={search_term_string}\"},\"query-input\":{\"@type\":\"PropertyValueSpecification\",\"valueRequired\":true,\"valueName\":\"search_term_string\"}}],\"inLanguage\":\"fr-FR\"},{\"@type\":\"Organization\",\"@id\":\"https:\/\/staging.hypotheekwinkel.be\/fr\/#organization\",\"name\":\"hypotheek.winkel\",\"url\":\"https:\/\/staging.hypotheekwinkel.be\/fr\/\",\"logo\":{\"@type\":\"ImageObject\",\"inLanguage\":\"fr-FR\",\"@id\":\"https:\/\/staging.hypotheekwinkel.be\/fr\/#\/schema\/logo\/image\/\",\"url\":\"https:\/\/staging.hypotheekwinkel.be\/content\/uploads\/2022\/08\/HypotheekwinkelLogo_CMYK.png\",\"contentUrl\":\"https:\/\/staging.hypotheekwinkel.be\/content\/uploads\/2022\/08\/HypotheekwinkelLogo_CMYK.png\",\"width\":1919,\"height\":1357,\"caption\":\"hypotheek.winkel\"},\"image\":{\"@id\":\"https:\/\/staging.hypotheekwinkel.be\/fr\/#\/schema\/logo\/image\/\"},\"sameAs\":[\"https:\/\/www.facebook.com\/hypotheek.winkel\"]}]}<\/script>\n<!-- \/ Yoast SEO Premium plugin. -->","yoast_head_json":{"title":"Gratuit, comment \u00e7a? | hypotheek.winkel","description":"Les 25 banques partenaires de hypotheek.winkel nous r\u00e9mun\u00e8rent quasi de la m\u00eame fa\u00e7on. Nous n\u2019avons donc aucun int\u00e9r\u00eat de vous pousser vers la direction d\u2019une banque en particulier.","robots":{"index":"noindex","follow":"follow","max-snippet":"max-snippet:-1","max-image-preview":"max-image-preview:large","max-video-preview":"max-video-preview:-1"},"og_locale":"fr_FR","og_type":"article","og_title":"Gratuit, comment \u00e7a?","og_description":"Les 25 banques partenaires de hypotheek.winkel nous r\u00e9mun\u00e8rent quasi de la m\u00eame fa\u00e7on. Nous n\u2019avons donc aucun int\u00e9r\u00eat de vous pousser vers la direction d\u2019une banque en particulier.","og_url":"https:\/\/staging.hypotheekwinkel.be\/fr\/gratuit\/","og_site_name":"hypotheek.winkel","article_publisher":"https:\/\/www.facebook.com\/hypotheek.winkel","article_modified_time":"2022-07-26T13:05:26+00:00","twitter_card":"summary_large_image","schema":{"@context":"https:\/\/schema.org","@graph":[{"@type":"WebPage","@id":"https:\/\/staging.hypotheekwinkel.be\/fr\/gratuit\/","url":"https:\/\/staging.hypotheekwinkel.be\/fr\/gratuit\/","name":"Gratuit, comment \u00e7a? | hypotheek.winkel","isPartOf":{"@id":"https:\/\/staging.hypotheekwinkel.be\/fr\/#website"},"datePublished":"2022-04-21T08:59:24+00:00","dateModified":"2022-07-26T13:05:26+00:00","description":"Les 25 banques partenaires de hypotheek.winkel nous r\u00e9mun\u00e8rent quasi de la m\u00eame fa\u00e7on. Nous n\u2019avons donc aucun int\u00e9r\u00eat de vous pousser vers la direction d\u2019une banque en particulier.","breadcrumb":{"@id":"https:\/\/staging.hypotheekwinkel.be\/fr\/gratuit\/#breadcrumb"},"inLanguage":"fr-FR","potentialAction":[{"@type":"ReadAction","target":["https:\/\/staging.hypotheekwinkel.be\/fr\/gratuit\/"]}]},{"@type":"BreadcrumbList","@id":"https:\/\/staging.hypotheekwinkel.be\/fr\/gratuit\/#breadcrumb","itemListElement":[{"@type":"ListItem","position":1,"name":"Home","item":"https:\/\/staging.hypotheekwinkel.be\/fr\/"},{"@type":"ListItem","position":2,"name":"Gratuit, comment \u00e7a?"}]},{"@type":"WebSite","@id":"https:\/\/staging.hypotheekwinkel.be\/fr\/#website","url":"https:\/\/staging.hypotheekwinkel.be\/fr\/","name":"hypotheek.winkel","description":"","publisher":{"@id":"https:\/\/staging.hypotheekwinkel.be\/fr\/#organization"},"potentialAction":[{"@type":"SearchAction","target":{"@type":"EntryPoint","urlTemplate":"https:\/\/staging.hypotheekwinkel.be\/fr\/?s={search_term_string}"},"query-input":{"@type":"PropertyValueSpecification","valueRequired":true,"valueName":"search_term_string"}}],"inLanguage":"fr-FR"},{"@type":"Organization","@id":"https:\/\/staging.hypotheekwinkel.be\/fr\/#organization","name":"hypotheek.winkel","url":"https:\/\/staging.hypotheekwinkel.be\/fr\/","logo":{"@type":"ImageObject","inLanguage":"fr-FR","@id":"https:\/\/staging.hypotheekwinkel.be\/fr\/#\/schema\/logo\/image\/","url":"https:\/\/staging.hypotheekwinkel.be\/content\/uploads\/2022\/08\/HypotheekwinkelLogo_CMYK.png","contentUrl":"https:\/\/staging.hypotheekwinkel.be\/content\/uploads\/2022\/08\/HypotheekwinkelLogo_CMYK.png","width":1919,"height":1357,"caption":"hypotheek.winkel"},"image":{"@id":"https:\/\/staging.hypotheekwinkel.be\/fr\/#\/schema\/logo\/image\/"},"sameAs":["https:\/\/www.facebook.com\/hypotheek.winkel"]}]}},"_links":{"self":[{"href":"https:\/\/staging.hypotheekwinkel.be\/fr\/wp-json\/wp\/v2\/pages\/519","targetHints":{"allow":["GET"]}}],"collection":[{"href":"https:\/\/staging.hypotheekwinkel.be\/fr\/wp-json\/wp\/v2\/pages"}],"about":[{"href":"https:\/\/staging.hypotheekwinkel.be\/fr\/wp-json\/wp\/v2\/types\/page"}],"author":[{"embeddable":true,"href":"https:\/\/staging.hypotheekwinkel.be\/fr\/wp-json\/wp\/v2\/users\/2"}],"replies":[{"embeddable":true,"href":"https:\/\/staging.hypotheekwinkel.be\/fr\/wp-json\/wp\/v2\/comments?post=519"}],"version-history":[{"count":27,"href":"https:\/\/staging.hypotheekwinkel.be\/fr\/wp-json\/wp\/v2\/pages\/519\/revisions"}],"predecessor-version":[{"id":1150,"href":"https:\/\/staging.hypotheekwinkel.be\/fr\/wp-json\/wp\/v2\/pages\/519\/revisions\/1150"}],"wp:attachment":[{"href":"https:\/\/staging.hypotheekwinkel.be\/fr\/wp-json\/wp\/v2\/media?parent=519"}],"curies":[{"name":"wp","href":"https:\/\/api.w.org\/{rel}","templated":true}]}}