{"id":616,"date":"2022-04-21T11:06:57","date_gmt":"2022-04-21T09:06:57","guid":{"rendered":"https:\/\/staging.hypotheekwinkel.be\/en\/?page_id=616"},"modified":"2023-08-09T12:45:14","modified_gmt":"2023-08-09T10:45:14","slug":"disclaimer-et-agrements","status":"publish","type":"page","link":"https:\/\/staging.hypotheekwinkel.be\/fr\/disclaimer-et-agrements\/","title":{"rendered":"Disclaimer et agr\u00e9ments"},"content":{"rendered":"\n<section\n    class=\"b-block b-hero text-center pt-5 pt-md-6 pt-xxl-7 pb-5 pb-md-6\"\n        aria-labelledby=\"block_310c5d192b2cae7ba421242c309a1a4c-title\"\n    fetchpriority=\"high\"\n>\n    <div class=\"b-hero__container container\">\n        <div class=\"b-hero__inner\">\n                            <div class=\"row justify-content-center mt-auto mt-sm-0\">\n                    <div class=\"col-lg-10 col-xl-9\">\n                        <h1 id=\"block_310c5d192b2cae7ba421242c309a1a4c-title\">Disclaimer et agr\u00e9ments <\/h1>\n                                            <\/div>\n                <\/div>\n            \n            \n                    <\/div>\n    <\/div>\n<\/section>\n\n\n\n<section\n    class=\"b-block bg-gradient b-editor text-left pt-5 pt-md-6 pt-xxl-7 pb-5 pb-md-6 pb-xxl-7\"\n    aria-labelledby=\"block_7f452c1f72aa3cac7180c6b4649c5b17-title\"\n>\n    <div class=\"container\">\n        <div class=\"row justify-content-center\">\n            <div class=\"col \">\n                <div class=\"row my-4\">\n                                            \n                                                    <div class=\"row mb-4\">\n                                <div class=\"col\">\n                                    <div class=\"intro text-primary\">\n                                        <p><em>REMARQUE IMPORTANTE : La version n\u00e9erlandaise de ce document r\u00e9gira notre relation &#8211; cette version traduite est fournie uniquement \u00e0 des fins de commodit\u00e9 et ne sera pas interpr\u00e9t\u00e9e pour modifier la version n\u00e9erlandaise. Pour la version n\u00e9erlandaise, veuillez consulter <a href=\"https:\/\/staging.hypotheekwinkel.be\/disclaimer\">cette page<\/a>.<\/em><\/p>\n<p>Les conditions ci-dessous sont d\u2019application pour le site web de hypotheek.winkel. En utilisant le site web vous acceptez les conditions d\u2019utilisation. Vous vous engagez \u00e9galement \u00e0 suivre les conditions d\u2019utilisation. Hypotheek.winkel se r\u00e9serve le droit d\u2019adapter ces conditions d\u2019utilisation. Vu que vous \u00eates, en tant qu\u2019utilisateur de ce site web, li\u00e9 aux conditions, hypotheek.winkel vous conseille de consulter cette page r\u00e9guli\u00e8rement.  <\/p>\n<ol>\n<li>Droits d\u2019auteur <\/li>\n<\/ol>\n<p>En tant qu\u2019utilisateur vous reconnaissez explicitement que le contenu visible sur ce site web, ainsi que les donn\u00e9es et tous les autres \u00e9l\u00e9ments sont et restent la propri\u00e9t\u00e9 juridique de hypotheek.winkel.  En tant qu\u2019utilisateur vous vous conformez \u00e0 n\u2019apporter aucune adaptation au contenu, aux donn\u00e9es ou aux \u00e9l\u00e9ments.<br \/>\nSans accord \u00e9crit pr\u00e9alable de la part de hypotheek.winkel ou de l\u2019auteur en revenant le droit, il est interdit de disperser, vendre, partager, publier, reproduire, commercialiser, adapter ou pr\u00e9senter \u00e0 titre complet ou partiel les informations expos\u00e9es, les donn\u00e9es ou \u00e9l\u00e9ments de ce site web. Toute infraction \u00e0 ces droits intellectuels peut entra\u00eener des poursuites civiles ou p\u00e9nales. Hypotheek.winkel se r\u00e9serve le droit de prendre toutes les mesures n\u00e9cessaires afin d\u2019\u00e9viter ou de terminer toute infraction aux droits d\u2019auteur.  <\/p>\n<p>2. Responsabilit\u00e9 <\/p>\n<p>Toutes les informations expos\u00e9es sur notre site web, ainsi que les donn\u00e9es, les outils de calcul et tous les autres \u00e9l\u00e9ments ont \u00e9t\u00e9 collect\u00e9 avec le plus grand soin. N\u00e9anmoins, ils ne servent qu\u2019\u00e0 titre indicatif pour vous en tant qu\u2019utilisateur. Ind\u00e9pendamment du soin qui a \u00e9t\u00e9 pr\u00eat\u00e9 \u00e0 la collection, cela ne vous garantit rien quant \u00e0 la justesse, l\u2019exhaustivit\u00e9, la fiabilit\u00e9 et l\u2019aptitude de cette information et des outils de calcul. Hypotheek.winkel n\u2019offre donc aucune garantie quant aux informations donn\u00e9es. L\u2019information en question sur ce site web ne peut en aucun cas \u00eatre consid\u00e9r\u00e9e comme conseil financier, fiscal ou juridique. Hypotheek.winkel ne peut en aucun cas \u00eatre pris pour responsable pour d\u2019\u00e9ventuelles fautes ou erreurs sur notre site web. Hypotheek.winkel ne peut en aucun cas \u00eatre pris pour responsable pour une perte ou un d\u00e9g\u00e2t quelconque, direct ou indirect, qui serait une suite quelconque de l\u2019utilisation de ce site web ou de la lecture du contenu de celui-ci. Hypotheek.winkel ne peut en aucun cas \u00eatre pris pour responsable d\u2019une d\u00e9cision vous appartenant et survenant \u00e0 la suite d\u2019un r\u00e9sultat d\u2019outil de calcul ou la lecture du contenu, des donn\u00e9es ou autres \u00e9l\u00e9ments de ce site web.<br \/>\nHypotheek.winkel se r\u00e9serve le droit d\u2019adapter le contenu expos\u00e9, les donn\u00e9es, les outils de calcul et tous les autres \u00e9l\u00e9ments sans avis pr\u00e9alable. Si des hyperliens vers d\u2019autres sites web sont disponible sur le site web de hypotheek.winkel, ce dernier ne peut \u00eatre pris pour responsable quant aux hyperliens, ni m\u00eame \u00e0 leur existence ou le contenu se retrouvant sur les sites web.<br \/>\nHypotheek.winkel n\u2019a aucun contr\u00f4le quant aux hyperliens propos\u00e9s, le contenu de ces sites web, ni le caract\u00e8re de ceux-ci. Le r\u00e9f\u00e9rencement vers un autre site web est \u00e0 titre purement indicatif.  <\/p>\n<p>3. Accessibilit\u00e9 <\/p>\n<p>Hypotheek.winkel essaye de garantir, dans la mesure du possible, un acc\u00e8s permanent vers son site web ainsi que son contenu. Hypotheek.winkel ne peut en aucun cas \u00eatre pris pour responsable quant \u00e0 la non-utilisation du contenu ou des donn\u00e9es. L\u2019acc\u00e8s au site web peut \u00eatre interrompu pour des cas de force majeure. Hypotheek.winkel se r\u00e9serve \u00e9galement le droit d\u2019interrompre soi-m\u00eame l\u2019acc\u00e8s \u00e0 son site web pour des causes de maintenance ou des updates des programmes, du contenu ou de tout autres \u00e9l\u00e9ments ou pour cause de raisons techniques. Hypotheek.winkel ne peut en aucun cas \u00eatre pris pour responsable de ces interruptions, ni des \u00e9ventuelles cons\u00e9quences en d\u00e9coulant. L\u2019utilisateur n\u2019a, en aucun cas, le droit d\u2019exiger un d\u00e9dommagement \u00e0 l\u2019adresse de hypotheek.winkel en raison de ces interruptions ou pour toute autre raison. <\/p>\n<p>4. La responsabilit\u00e9 de l\u2019utilisateur <\/p>\n<p>L\u2019utilisateur peut utiliser ce site web \u00e0 condition de garantir \u00e0 hypotheek.winkel qu\u2019il ou elle n\u2019utilisera pas ce site web \u00e0 des fins ill\u00e9gales, frauduleuses ou autres fins qui interf\u00e8rent avec les conditions et dispositions. Si un autre utilisateur abuse de l\u2019installation ou des possibilit\u00e9s d\u2019acc\u00e8s d\u2019un utilisateur, l\u2019utilisateur en question est responsable. L\u2019utilisateur d\u00e9clare que les donn\u00e9es fournies le concernant sont compl\u00e8tes, correctes et r\u00e9elles. <\/p>\n<p>5. Politique relative aux donn\u00e9es personnelles <\/p>\n<p>Hypotheek.winkel respecte les dispositions l\u00e9gales concernant la protection relative aux donn\u00e9es personnelles. Le site web <a href=\"http:\/\/staging.hypotheekwinkel.be\/\">staging.hypotheekwinkel.be<\/a> utilise des cookies. Ceux-ci envoient des donn\u00e9es provenant de votre ordinateur et contient des traces des sites web pr\u00e9alablement visit\u00e9s ainsi que du contenu provenant de ces visites (ils ne contiennent pas de donn\u00e9es personnelles). Vous pouvez programmer votre ordinateur de la sorte que l\u2019utilisation de cookies devienne impossible. Les donn\u00e9es que vous introduisez via le champ prot\u00e9g\u00e9 de notre site web sont enregistr\u00e9es dans notre base de donn\u00e9es. Nous utilisons ces informations afin d\u2019enregistrer vos sessions pour la page \u00ab\u202fvotre dossier\u202f\u00bb et afin de personnaliser la mise en page et le contenu de chaque utilisateur. A c\u00f4t\u00e9 de cela, nous utilisons ces donn\u00e9es uniquement pour des statistiques \u00e0 usage interne. Hypotheek.winkel traite les donn\u00e9es collect\u00e9es et est responsable de celles-ci. Hypotheek.winkel consid\u00e8re vos donn\u00e9es personnelles comme confidentielles.<br \/>\nConform\u00e9ment la loi vous avez le droit de consulter, adapter ou rectifier vos donn\u00e9es personnelles. Vous pouvez faire appel \u00e0 ce droit en envoyant un mail \u00e0 info@hypotheekwinkel.be.<br \/>\nSi vous estimez que la politique relative aux donn\u00e9es personnelles utilis\u00e9 par le site web de hypotheek.winkel ne respecte pas suffisamment la loi relative en question, veuillez nous contacter au plus vite. Nous ne souhaitons n\u00e9anmoins endosser aucune responsabilit\u00e9 quant \u00e0 la politique relative aux donn\u00e9es personnelles tenue par les sites web pour lesquels vous retrouverez un hyperlien sur le site web de hypotheek.winkel.<br \/>\nJusqu\u2019au 24\/05\/2018, la loi du 08\/12\/1992 quant \u00e0 la protection de la vie priv\u00e9e pr\u00e9vaut \u00e0 l\u2019\u00e9gard du traitement des donn\u00e9es personnelles et ses arr\u00eat\u00e9s d\u2019ex\u00e9cution. <\/p>\n<p>A partir du 25\/05\/2018 celle-ci sera remplac\u00e9 par le r\u00e8glement (EU) 2016\/679 du Parlement Europ\u00e9en en le Conseil du 27 Avril 2016 concernant la protection de personnes physiques en relation au traitement des donn\u00e9es personnelles et concernant la libre circulation de ces donn\u00e9es et jusqu\u2019\u00e0 la r\u00e9vocation de la Directive 95\/46\/EG <\/p>\n<p>6. Votre protection <\/p>\n<p>Hypotheek.winkel ne peut garantir que les informations que vous nous transmettez sur notre serveur ne soient intercept\u00e9es. Hypotheek.winkel applique des proc\u00e9dures afin de prot\u00e9ger les donn\u00e9es fournies et enregistr\u00e9es. <\/p>\n<p>7. Droit applicable et tribunal comp\u00e9tent <\/p>\n<p>Tous les cas de contestation concernant ce site web sont g\u00e9r\u00e9es exclusivement par la loi Belge. Seuls les tribunaux de Bruxelles sont comp\u00e9tents. <\/p>\n<p>8. Prise de contact <\/p>\n<p>Hypotheek.winkel demande \u00e0 l\u2019utilisateur de signaler tout contenu incorrect ou illicite, mis \u00e0 disposition par nos services, afin que hypotheek.winkel puisse prendre les mesures n\u00e9cessaires et modifier, supprimer ou rendre inaccessible ce contenu. Veuillez nous contacter par mail \u00e0 <a href=\"mailto:info@hypotheekwinkel.be\">info@hypotheekwinkel.be<\/a><br \/>\nHypohteek.winkel peut \u00eatre contact\u00e9 par mail, fax ou toute autre forme de communication. Ces canaux ne peuvent n\u00e9anmoins pas \u00eatre utilis\u00e9s pour des injonctions, ni pour des plaintes \u00e0 l\u2019\u00e9gard de hypotheek.winkel. Ce genre de contacts ne sont pas opposables \u00e0 hypotheek.winkel. La non-r\u00e9ponse \u00e0 ce genre de communication n\u2019est en aucun cas une preuve d\u2019aveux de la part de hypotheek.winkel quant \u00e0 une \u00e9ventuelle plainte. <\/p>\n<p>9. Administration de surveillance comp\u00e9tente <\/p>\n<p>Administration de surveillance comp\u00e9tente, SPF Economie, P.M.E., Classes moyennes et Energie Direction g\u00e9n\u00e9rale de l\u2019Inspection \u00e9conomique <\/p>\n<p>Bd Roi Albert II 16<br \/>\n1000 Bruxelles<br \/>\n0800\/12033<br \/>\n<a href=\"https:\/\/meldpunt.belgie.be\/meldpunt\/fr\/bienvenue\">https:\/\/meldpunt.belgie.be\/meldpunt\/fr\/bienvenue<\/a> <\/p>\n<p>Vous retrouverez ici la politique de conflits d\u2019int\u00e9r\u00eats de hypotheek.winkel. <\/p>\n<p>\u00a9 2022 hypotheek.winkel<br \/>\nhypotheek.winkel bvba<br \/>\nLeuvensesteenweg 643 Bus 14<br \/>\n1930 Zaventem<br \/>\nBE 0474.087.795<br \/>\ntel : 02 895 09 19 <\/p>\n<p>fax : 02 306 79 03<br \/>\n<a href=\"mailto:info@hypotheekwinkel.be\">info@hypotheekwinkel.be<\/a> <\/p>\n<p>10.Agr\u00e9ment FSMA <\/p>\n<p>Hypotheek.winkel, num\u00e9ro d\u2019entreprise 0474.087.795, est agr\u00e9\u00e9 par la FSMA pour les cr\u00e9dits habitation, assurances et cr\u00e9dits \u00e0 la consommation sous le num\u00e9ro FSMA 061433. Hypotheek.winkel collabore avec un r\u00e9seau de courtiers agr\u00e9\u00e9s par la FSMA pour les cr\u00e9dits hypoth\u00e9caires et les cr\u00e9dits \u00e0 la consommation ainsi que des sous-agents d\u2019assurance. <\/p>\n<p>Gr\u00e2ce \u00e0 son statut, hypotheek.winkel n\u2019est pas li\u00e9 \u00e0 une instance financi\u00e8re. Ceci permet de chercher en toute ind\u00e9pendance la solution la plus ad\u00e9quate pour vous. <\/p>\n<p>Compte tenu de l\u2019engagement entre la FSMA et hypotheek.winkel, le comit\u00e9 de direction de la FSMA a agr\u00e9\u00e9 hypotheek.winkel en tant que formateur de perfectionnement pour les professionnels des cr\u00e9dits habitation et d\u2019assurances. Cet agr\u00e9ement est r\u00e9pertori\u00e9 sous le num\u00e9ro d\u2019accr\u00e9ditation 500187 H (Cr\u00e9dits Habitation) et 500187 A (Assurances) sur le site web de la FSMA.<br \/>\nRegistre des personnes morales\u202f: Bruxelles <\/p>\n                                    <\/div>\n                                <\/div>\n                            <\/div>\n                                                            <\/div>\n                            <\/div>\n        <\/div>\n    <\/div>\n<\/section>\n","protected":false},"excerpt":{"rendered":"","protected":false},"author":2,"featured_media":0,"parent":0,"menu_order":0,"comment_status":"closed","ping_status":"closed","template":"","meta":{"_acf_changed":false,"content-type":"","footnotes":""},"class_list":["post-616","page","type-page","status-publish","hentry"],"acf":[],"yoast_head":"<!-- This site is optimized with the Yoast SEO Premium plugin v20.1 (Yoast SEO v27.2) - https:\/\/yoast.com\/product\/yoast-seo-premium-wordpress\/ -->\n<title>Disclaimer et agr\u00e9ments | hypotheek.winkel<\/title>\n<meta name=\"description\" content=\"Consultez le &#039;Disclaimer et agr\u00e9ments&#039; de Hypotheek.winkel pour comprendre nos conditions d&#039;utilisation. Assurez-vous de respecter nos directives.\" \/>\n<meta name=\"robots\" content=\"noindex, follow, max-snippet:-1, max-image-preview:large, max-video-preview:-1\" \/>\n<meta property=\"og:locale\" content=\"fr_FR\" \/>\n<meta property=\"og:type\" content=\"article\" \/>\n<meta property=\"og:title\" content=\"Disclaimer et agr\u00e9ments\" \/>\n<meta property=\"og:description\" content=\"Consultez le &#039;Disclaimer et agr\u00e9ments&#039; de Hypotheek.winkel pour comprendre nos conditions d&#039;utilisation. Assurez-vous de respecter nos directives.\" \/>\n<meta property=\"og:url\" content=\"https:\/\/staging.hypotheekwinkel.be\/fr\/disclaimer-et-agrements\/\" \/>\n<meta property=\"og:site_name\" content=\"hypotheek.winkel\" \/>\n<meta property=\"article:publisher\" content=\"https:\/\/www.facebook.com\/hypotheek.winkel\" \/>\n<meta property=\"article:modified_time\" content=\"2023-08-09T10:45:14+00:00\" \/>\n<meta name=\"twitter:card\" content=\"summary_large_image\" \/>\n<script type=\"application\/ld+json\" class=\"yoast-schema-graph\">{\"@context\":\"https:\/\/schema.org\",\"@graph\":[{\"@type\":\"WebPage\",\"@id\":\"https:\/\/staging.hypotheekwinkel.be\/fr\/disclaimer-et-agrements\/\",\"url\":\"https:\/\/staging.hypotheekwinkel.be\/fr\/disclaimer-et-agrements\/\",\"name\":\"Disclaimer et agr\u00e9ments | hypotheek.winkel\",\"isPartOf\":{\"@id\":\"https:\/\/staging.hypotheekwinkel.be\/fr\/#website\"},\"datePublished\":\"2022-04-21T09:06:57+00:00\",\"dateModified\":\"2023-08-09T10:45:14+00:00\",\"description\":\"Consultez le 'Disclaimer et agr\u00e9ments' de Hypotheek.winkel pour comprendre nos conditions d'utilisation. Assurez-vous de respecter nos directives.\",\"breadcrumb\":{\"@id\":\"https:\/\/staging.hypotheekwinkel.be\/fr\/disclaimer-et-agrements\/#breadcrumb\"},\"inLanguage\":\"fr-FR\",\"potentialAction\":[{\"@type\":\"ReadAction\",\"target\":[\"https:\/\/staging.hypotheekwinkel.be\/fr\/disclaimer-et-agrements\/\"]}]},{\"@type\":\"BreadcrumbList\",\"@id\":\"https:\/\/staging.hypotheekwinkel.be\/fr\/disclaimer-et-agrements\/#breadcrumb\",\"itemListElement\":[{\"@type\":\"ListItem\",\"position\":1,\"name\":\"Home\",\"item\":\"https:\/\/staging.hypotheekwinkel.be\/fr\/\"},{\"@type\":\"ListItem\",\"position\":2,\"name\":\"Disclaimer et agr\u00e9ments\"}]},{\"@type\":\"WebSite\",\"@id\":\"https:\/\/staging.hypotheekwinkel.be\/fr\/#website\",\"url\":\"https:\/\/staging.hypotheekwinkel.be\/fr\/\",\"name\":\"hypotheek.winkel\",\"description\":\"\",\"publisher\":{\"@id\":\"https:\/\/staging.hypotheekwinkel.be\/fr\/#organization\"},\"potentialAction\":[{\"@type\":\"SearchAction\",\"target\":{\"@type\":\"EntryPoint\",\"urlTemplate\":\"https:\/\/staging.hypotheekwinkel.be\/fr\/?s={search_term_string}\"},\"query-input\":{\"@type\":\"PropertyValueSpecification\",\"valueRequired\":true,\"valueName\":\"search_term_string\"}}],\"inLanguage\":\"fr-FR\"},{\"@type\":\"Organization\",\"@id\":\"https:\/\/staging.hypotheekwinkel.be\/fr\/#organization\",\"name\":\"hypotheek.winkel\",\"url\":\"https:\/\/staging.hypotheekwinkel.be\/fr\/\",\"logo\":{\"@type\":\"ImageObject\",\"inLanguage\":\"fr-FR\",\"@id\":\"https:\/\/staging.hypotheekwinkel.be\/fr\/#\/schema\/logo\/image\/\",\"url\":\"https:\/\/staging.hypotheekwinkel.be\/content\/uploads\/2022\/08\/HypotheekwinkelLogo_CMYK.png\",\"contentUrl\":\"https:\/\/staging.hypotheekwinkel.be\/content\/uploads\/2022\/08\/HypotheekwinkelLogo_CMYK.png\",\"width\":1919,\"height\":1357,\"caption\":\"hypotheek.winkel\"},\"image\":{\"@id\":\"https:\/\/staging.hypotheekwinkel.be\/fr\/#\/schema\/logo\/image\/\"},\"sameAs\":[\"https:\/\/www.facebook.com\/hypotheek.winkel\"]}]}<\/script>\n<!-- \/ Yoast SEO Premium plugin. -->","yoast_head_json":{"title":"Disclaimer et agr\u00e9ments | hypotheek.winkel","description":"Consultez le 'Disclaimer et agr\u00e9ments' de Hypotheek.winkel pour comprendre nos conditions d'utilisation. Assurez-vous de respecter nos directives.","robots":{"index":"noindex","follow":"follow","max-snippet":"max-snippet:-1","max-image-preview":"max-image-preview:large","max-video-preview":"max-video-preview:-1"},"og_locale":"fr_FR","og_type":"article","og_title":"Disclaimer et agr\u00e9ments","og_description":"Consultez le 'Disclaimer et agr\u00e9ments' de Hypotheek.winkel pour comprendre nos conditions d'utilisation. Assurez-vous de respecter nos directives.","og_url":"https:\/\/staging.hypotheekwinkel.be\/fr\/disclaimer-et-agrements\/","og_site_name":"hypotheek.winkel","article_publisher":"https:\/\/www.facebook.com\/hypotheek.winkel","article_modified_time":"2023-08-09T10:45:14+00:00","twitter_card":"summary_large_image","schema":{"@context":"https:\/\/schema.org","@graph":[{"@type":"WebPage","@id":"https:\/\/staging.hypotheekwinkel.be\/fr\/disclaimer-et-agrements\/","url":"https:\/\/staging.hypotheekwinkel.be\/fr\/disclaimer-et-agrements\/","name":"Disclaimer et agr\u00e9ments | hypotheek.winkel","isPartOf":{"@id":"https:\/\/staging.hypotheekwinkel.be\/fr\/#website"},"datePublished":"2022-04-21T09:06:57+00:00","dateModified":"2023-08-09T10:45:14+00:00","description":"Consultez le 'Disclaimer et agr\u00e9ments' de Hypotheek.winkel pour comprendre nos conditions d'utilisation. Assurez-vous de respecter nos directives.","breadcrumb":{"@id":"https:\/\/staging.hypotheekwinkel.be\/fr\/disclaimer-et-agrements\/#breadcrumb"},"inLanguage":"fr-FR","potentialAction":[{"@type":"ReadAction","target":["https:\/\/staging.hypotheekwinkel.be\/fr\/disclaimer-et-agrements\/"]}]},{"@type":"BreadcrumbList","@id":"https:\/\/staging.hypotheekwinkel.be\/fr\/disclaimer-et-agrements\/#breadcrumb","itemListElement":[{"@type":"ListItem","position":1,"name":"Home","item":"https:\/\/staging.hypotheekwinkel.be\/fr\/"},{"@type":"ListItem","position":2,"name":"Disclaimer et agr\u00e9ments"}]},{"@type":"WebSite","@id":"https:\/\/staging.hypotheekwinkel.be\/fr\/#website","url":"https:\/\/staging.hypotheekwinkel.be\/fr\/","name":"hypotheek.winkel","description":"","publisher":{"@id":"https:\/\/staging.hypotheekwinkel.be\/fr\/#organization"},"potentialAction":[{"@type":"SearchAction","target":{"@type":"EntryPoint","urlTemplate":"https:\/\/staging.hypotheekwinkel.be\/fr\/?s={search_term_string}"},"query-input":{"@type":"PropertyValueSpecification","valueRequired":true,"valueName":"search_term_string"}}],"inLanguage":"fr-FR"},{"@type":"Organization","@id":"https:\/\/staging.hypotheekwinkel.be\/fr\/#organization","name":"hypotheek.winkel","url":"https:\/\/staging.hypotheekwinkel.be\/fr\/","logo":{"@type":"ImageObject","inLanguage":"fr-FR","@id":"https:\/\/staging.hypotheekwinkel.be\/fr\/#\/schema\/logo\/image\/","url":"https:\/\/staging.hypotheekwinkel.be\/content\/uploads\/2022\/08\/HypotheekwinkelLogo_CMYK.png","contentUrl":"https:\/\/staging.hypotheekwinkel.be\/content\/uploads\/2022\/08\/HypotheekwinkelLogo_CMYK.png","width":1919,"height":1357,"caption":"hypotheek.winkel"},"image":{"@id":"https:\/\/staging.hypotheekwinkel.be\/fr\/#\/schema\/logo\/image\/"},"sameAs":["https:\/\/www.facebook.com\/hypotheek.winkel"]}]}},"_links":{"self":[{"href":"https:\/\/staging.hypotheekwinkel.be\/fr\/wp-json\/wp\/v2\/pages\/616","targetHints":{"allow":["GET"]}}],"collection":[{"href":"https:\/\/staging.hypotheekwinkel.be\/fr\/wp-json\/wp\/v2\/pages"}],"about":[{"href":"https:\/\/staging.hypotheekwinkel.be\/fr\/wp-json\/wp\/v2\/types\/page"}],"author":[{"embeddable":true,"href":"https:\/\/staging.hypotheekwinkel.be\/fr\/wp-json\/wp\/v2\/users\/2"}],"replies":[{"embeddable":true,"href":"https:\/\/staging.hypotheekwinkel.be\/fr\/wp-json\/wp\/v2\/comments?post=616"}],"version-history":[{"count":10,"href":"https:\/\/staging.hypotheekwinkel.be\/fr\/wp-json\/wp\/v2\/pages\/616\/revisions"}],"predecessor-version":[{"id":738,"href":"https:\/\/staging.hypotheekwinkel.be\/fr\/wp-json\/wp\/v2\/pages\/616\/revisions\/738"}],"wp:attachment":[{"href":"https:\/\/staging.hypotheekwinkel.be\/fr\/wp-json\/wp\/v2\/media?parent=616"}],"curies":[{"name":"wp","href":"https:\/\/api.w.org\/{rel}","templated":true}]}}