{"id":7546,"date":"2022-12-07T17:10:59","date_gmt":"2022-12-07T16:10:59","guid":{"rendered":"https:\/\/staging.hypotheekwinkel.be\/hoe-een-bod-uitbrengen\/"},"modified":"2023-06-26T16:04:29","modified_gmt":"2023-06-26T14:04:29","slug":"faire-une-offre","status":"publish","type":"page","link":"https:\/\/staging.hypotheekwinkel.be\/fr\/faire-une-offre\/","title":{"rendered":"Comment faire une offre"},"content":{"rendered":"\n<section\n    class=\"b-block b-hero text-left pt-5 pt-md-6 pt-xxl-7 pb-5 pb-md-6\"\n        aria-labelledby=\"block_63906c4880070-title\"\n    fetchpriority=\"high\"\n>\n    <div class=\"b-hero__container container\">\n        <div class=\"b-hero__inner\">\n                            <div class=\"row mt-auto mt-sm-0\">\n                    <div class=\"col-lg-10 col-xl-9\">\n                        <h1 id=\"block_63906c4880070-title\">Comment faire une offre<\/h1>\n                                            <\/div>\n                <\/div>\n            \n            \n                    <\/div>\n    <\/div>\n<\/section>\n\n\n\n<section\n    class=\"b-block b-editor text-left\"\n    aria-labelledby=\"block_63906c5680071-title\"\n>\n    <div class=\"container\">\n        <div class=\"row justify-content-center\">\n            <div class=\"col \">\n                <div class=\"row my-4\">\n                                            \n                                                    <div class=\"row mb-4\">\n                                <div class=\"col\">\n                                    <div class=\"intro text-primary\">\n                                        <p>Vous avez soigneusement \u00e9tabli toutes les chiffres, vous avez pris le temps de chercher une maison et maintenant, c&rsquo;est fait : vous avez trouv\u00e9 votre maison de r\u00eave. Oui ! \u00c9perdument amoureux et rempli de r\u00eaves, vous souhaitez emm\u00e9nager le plus rapidement possible, mais il y a encore une \u00e9tape \u00e0 franchir : faire une offre. Mais euh&#8230; comment fait-on exactement ?<\/p>\n                                    <\/div>\n                                <\/div>\n                            <\/div>\n                                                            <\/div>\n                            <\/div>\n        <\/div>\n    <\/div>\n<\/section>\n\n\n\n<section\n    class=\"b-block b-editor text-left\"\n    aria-labelledby=\"block_639090a7febbf-title\"\n>\n    <div class=\"container\">\n        <div class=\"row justify-content-center\">\n            <div class=\"col \">\n                <div class=\"row my-4\">\n                                                                        <div class=\"col mb-4\">\n                                                                    <h2 id=\"block_639090a7febbf-title\">Faire une offre sur papier<\/h2>\n                                                            <\/div>\n                        \n                                                    <div class=\"row mb-4\">\n                                <div class=\"col\">\n                                    <div class=\"intro text-primary\">\n                                        <p>D\u00e8s que vous faites une offre, les choses deviennent vraiment int\u00e9ressantes. Que vous le fassiez par \u00e9crit ou verbalement, une offre est contraignante. En d&rsquo;autres termes, une fois que vous avez fait une offre, vous ne pouvez pas la retirer. Oui, cela vaut \u00e9galement pour ce SMS envoy\u00e9 au vendeur ou \u00e0 l&rsquo;agent immobilier. Il vaut mieux tout mettre par \u00e9crit : cela vous offre une preuve irr\u00e9futable et vous donne la possibilit\u00e9 de r\u00e9pertorier toutes les conditions.<\/p>\n<p>Sur ce papier, vous devez bien s\u00fbr indiquer le montant de votre offre, mais ce n&rsquo;est pas suffisant. Vous devez \u00e9galement mentionner l&rsquo;adresse, la dur\u00e9e de validit\u00e9 de votre offre, vos coordonn\u00e9es et une s\u00e9rie d&rsquo;autres informations. Vous sentez-vous d\u00e9j\u00e0 un peu confus ? Pas de panique : nous voulons vous aider!<\/p>\n                                    <\/div>\n                                <\/div>\n                            <\/div>\n                                                            <\/div>\n                            <\/div>\n        <\/div>\n    <\/div>\n<\/section>\n\n\n\n<section\n    class=\"b-block b-editor text-left\"\n    aria-labelledby=\"block_639090aafebc0-title\"\n>\n    <div class=\"container\">\n        <div class=\"row justify-content-center\">\n            <div class=\"col \">\n                <div class=\"row my-4\">\n                                                                        <div class=\"col mb-4\">\n                                                                    <h2 id=\"block_639090aafebc0-title\">100 % contraignant, mais&#8230;<\/h2>\n                                                            <\/div>\n                        \n                                                    <div class=\"row mb-4\">\n                                <div class=\"col\">\n                                    <div class=\"intro text-primary\">\n                                        <p>Comme nous l&rsquo;avons d\u00e9j\u00e0 dit, une fois que vous avez fait une offre, elle est contraignante. En r\u00e9alit\u00e9, vous n&rsquo;avez donc plus de marge de man\u0153uvre, m\u00eame si vous commencez soudainement \u00e0 douter de ce permis de v\u00e9randa ou du trafic a\u00e9rien au-dessus de votre terrasse.<\/p>\n<p>Heureusement, il existe quelque chose appel\u00e9 \u00ab\u00a0condition suspensive\u00a0\u00bb. Cela signifie que la vente n&rsquo;est finalis\u00e9e que si certaines conditions sont remplies. Un exemple typique : la vente n&rsquo;aura pas lieu si vous, en tant qu&rsquo;acheteur, n&rsquo;obtenez pas de pr\u00eat. Vous pouvez inclure d&rsquo;autres \u00e9l\u00e9ments dans ces conditions suspensives, tels que l&rsquo;obtention d&rsquo;un permis environnemental ou d&rsquo;un permis d&rsquo;urbanisme.<\/p>\n                                    <\/div>\n                                <\/div>\n                            <\/div>\n                                                            <\/div>\n                            <\/div>\n        <\/div>\n    <\/div>\n<\/section>\n\n\n\n<section\n    class=\"b-block b-editor text-left pb-5 pb-md-6 pb-xxl-7\"\n    aria-labelledby=\"block_63906c5780072-title\"\n>\n    <div class=\"container\">\n        <div class=\"row justify-content-center\">\n            <div class=\"col \">\n                <div class=\"row my-4\">\n                                                                        <div class=\"col mb-4\">\n                                                                    <h2 id=\"block_63906c5780072-title\">Besoin de temps pour r\u00e9fl\u00e9chir ?<\/h2>\n                                                            <\/div>\n                        \n                                                    <div class=\"row mb-4\">\n                                <div class=\"col\">\n                                    <div class=\"intro text-primary\">\n                                        <p>Il vaut mieux prendre une d\u00e9cision r\u00e9fl\u00e9chie plut\u00f4t que pr\u00e9cipit\u00e9e concernant votre offre. Ne vous laissez donc pas influencer par les caprices du march\u00e9, car vous avez toujours la possibilit\u00e9 de prendre une option sur une propri\u00e9t\u00e9. Cela signifie que personne d&rsquo;autre ne peut acheter la propri\u00e9t\u00e9 que vous avez en vue pendant une certaine p\u00e9riode. En \u00e9change, vous devez verser une petite contribution au vendeur. En d&rsquo;autres termes, vous achetez un peu de temps pour r\u00e9fl\u00e9chir.<\/p>\n<p>Si vous \u00eates toujours perdu quand il s&rsquo;agit d&rsquo;offres, nous serions ravis de vous offrir un parapluie sous la forme <a href=\"https:\/\/staging.hypotheekwinkel.be\/fr\/prenez-un-rendez-vous\/\">d&rsquo;un rendez-vous<\/a> \ud83d\ude0a.<\/p>\n                                    <\/div>\n                                <\/div>\n                            <\/div>\n                                                            <\/div>\n                            <\/div>\n        <\/div>\n    <\/div>\n<\/section>\n","protected":false},"excerpt":{"rendered":"<p>Je hebt alle cijfers netjes op een rij gezet, je hebt je tijd genomen om op huizenjacht te gaan en nu is de kogel door de kerk: je hebt je droomhuis gevonden.<\/p>\n","protected":false},"author":1,"featured_media":0,"parent":0,"menu_order":0,"comment_status":"closed","ping_status":"closed","template":"","meta":{"_acf_changed":false,"content-type":"","footnotes":""},"class_list":["post-7546","page","type-page","status-publish","hentry"],"acf":[],"yoast_head":"<!-- This site is optimized with the Yoast SEO Premium plugin v20.1 (Yoast SEO v27.2) - https:\/\/yoast.com\/product\/yoast-seo-premium-wordpress\/ -->\n<title>Comment faire une offre pour une maison? - hypotheek.winkel<\/title>\n<meta name=\"description\" content=\"Une offre est contraignante, que ce soit par \u00e9crit ou verbalement. Il est donc pr\u00e9f\u00e9rable de tout mettre clairement par \u00e9crit.\" \/>\n<meta name=\"robots\" content=\"noindex, follow, max-snippet:-1, max-image-preview:large, max-video-preview:-1\" \/>\n<meta property=\"og:locale\" content=\"fr_FR\" \/>\n<meta property=\"og:type\" content=\"article\" \/>\n<meta property=\"og:title\" content=\"Comment faire une offre\" \/>\n<meta property=\"og:description\" content=\"Une offre est contraignante, que ce soit par \u00e9crit ou verbalement. Il est donc pr\u00e9f\u00e9rable de tout mettre clairement par \u00e9crit.\" \/>\n<meta property=\"og:url\" content=\"https:\/\/staging.hypotheekwinkel.be\/fr\/faire-une-offre\/\" \/>\n<meta property=\"og:site_name\" content=\"hypotheek.winkel\" \/>\n<meta property=\"article:publisher\" content=\"https:\/\/www.facebook.com\/hypotheek.winkel\" \/>\n<meta property=\"article:modified_time\" content=\"2023-06-26T14:04:29+00:00\" \/>\n<meta name=\"twitter:card\" content=\"summary_large_image\" \/>\n<script type=\"application\/ld+json\" class=\"yoast-schema-graph\">{\"@context\":\"https:\/\/schema.org\",\"@graph\":[{\"@type\":\"WebPage\",\"@id\":\"https:\/\/staging.hypotheekwinkel.be\/fr\/faire-une-offre\/\",\"url\":\"https:\/\/staging.hypotheekwinkel.be\/fr\/faire-une-offre\/\",\"name\":\"Comment faire une offre pour une maison? - hypotheek.winkel\",\"isPartOf\":{\"@id\":\"https:\/\/staging.hypotheekwinkel.be\/fr\/#website\"},\"datePublished\":\"2022-12-07T16:10:59+00:00\",\"dateModified\":\"2023-06-26T14:04:29+00:00\",\"description\":\"Une offre est contraignante, que ce soit par \u00e9crit ou verbalement. Il est donc pr\u00e9f\u00e9rable de tout mettre clairement par \u00e9crit.\",\"breadcrumb\":{\"@id\":\"https:\/\/staging.hypotheekwinkel.be\/fr\/faire-une-offre\/#breadcrumb\"},\"inLanguage\":\"fr-FR\",\"potentialAction\":[{\"@type\":\"ReadAction\",\"target\":[\"https:\/\/staging.hypotheekwinkel.be\/fr\/faire-une-offre\/\"]}]},{\"@type\":\"BreadcrumbList\",\"@id\":\"https:\/\/staging.hypotheekwinkel.be\/fr\/faire-une-offre\/#breadcrumb\",\"itemListElement\":[{\"@type\":\"ListItem\",\"position\":1,\"name\":\"Home\",\"item\":\"https:\/\/staging.hypotheekwinkel.be\/fr\/\"},{\"@type\":\"ListItem\",\"position\":2,\"name\":\"Comment faire une offre\"}]},{\"@type\":\"WebSite\",\"@id\":\"https:\/\/staging.hypotheekwinkel.be\/fr\/#website\",\"url\":\"https:\/\/staging.hypotheekwinkel.be\/fr\/\",\"name\":\"hypotheek.winkel\",\"description\":\"\",\"publisher\":{\"@id\":\"https:\/\/staging.hypotheekwinkel.be\/fr\/#organization\"},\"potentialAction\":[{\"@type\":\"SearchAction\",\"target\":{\"@type\":\"EntryPoint\",\"urlTemplate\":\"https:\/\/staging.hypotheekwinkel.be\/fr\/?s={search_term_string}\"},\"query-input\":{\"@type\":\"PropertyValueSpecification\",\"valueRequired\":true,\"valueName\":\"search_term_string\"}}],\"inLanguage\":\"fr-FR\"},{\"@type\":\"Organization\",\"@id\":\"https:\/\/staging.hypotheekwinkel.be\/fr\/#organization\",\"name\":\"hypotheek.winkel\",\"url\":\"https:\/\/staging.hypotheekwinkel.be\/fr\/\",\"logo\":{\"@type\":\"ImageObject\",\"inLanguage\":\"fr-FR\",\"@id\":\"https:\/\/staging.hypotheekwinkel.be\/fr\/#\/schema\/logo\/image\/\",\"url\":\"https:\/\/staging.hypotheekwinkel.be\/content\/uploads\/2022\/08\/HypotheekwinkelLogo_CMYK.png\",\"contentUrl\":\"https:\/\/staging.hypotheekwinkel.be\/content\/uploads\/2022\/08\/HypotheekwinkelLogo_CMYK.png\",\"width\":1919,\"height\":1357,\"caption\":\"hypotheek.winkel\"},\"image\":{\"@id\":\"https:\/\/staging.hypotheekwinkel.be\/fr\/#\/schema\/logo\/image\/\"},\"sameAs\":[\"https:\/\/www.facebook.com\/hypotheek.winkel\"]}]}<\/script>\n<!-- \/ Yoast SEO Premium plugin. -->","yoast_head_json":{"title":"Comment faire une offre pour une maison? - hypotheek.winkel","description":"Une offre est contraignante, que ce soit par \u00e9crit ou verbalement. Il est donc pr\u00e9f\u00e9rable de tout mettre clairement par \u00e9crit.","robots":{"index":"noindex","follow":"follow","max-snippet":"max-snippet:-1","max-image-preview":"max-image-preview:large","max-video-preview":"max-video-preview:-1"},"og_locale":"fr_FR","og_type":"article","og_title":"Comment faire une offre","og_description":"Une offre est contraignante, que ce soit par \u00e9crit ou verbalement. Il est donc pr\u00e9f\u00e9rable de tout mettre clairement par \u00e9crit.","og_url":"https:\/\/staging.hypotheekwinkel.be\/fr\/faire-une-offre\/","og_site_name":"hypotheek.winkel","article_publisher":"https:\/\/www.facebook.com\/hypotheek.winkel","article_modified_time":"2023-06-26T14:04:29+00:00","twitter_card":"summary_large_image","schema":{"@context":"https:\/\/schema.org","@graph":[{"@type":"WebPage","@id":"https:\/\/staging.hypotheekwinkel.be\/fr\/faire-une-offre\/","url":"https:\/\/staging.hypotheekwinkel.be\/fr\/faire-une-offre\/","name":"Comment faire une offre pour une maison? - hypotheek.winkel","isPartOf":{"@id":"https:\/\/staging.hypotheekwinkel.be\/fr\/#website"},"datePublished":"2022-12-07T16:10:59+00:00","dateModified":"2023-06-26T14:04:29+00:00","description":"Une offre est contraignante, que ce soit par \u00e9crit ou verbalement. Il est donc pr\u00e9f\u00e9rable de tout mettre clairement par \u00e9crit.","breadcrumb":{"@id":"https:\/\/staging.hypotheekwinkel.be\/fr\/faire-une-offre\/#breadcrumb"},"inLanguage":"fr-FR","potentialAction":[{"@type":"ReadAction","target":["https:\/\/staging.hypotheekwinkel.be\/fr\/faire-une-offre\/"]}]},{"@type":"BreadcrumbList","@id":"https:\/\/staging.hypotheekwinkel.be\/fr\/faire-une-offre\/#breadcrumb","itemListElement":[{"@type":"ListItem","position":1,"name":"Home","item":"https:\/\/staging.hypotheekwinkel.be\/fr\/"},{"@type":"ListItem","position":2,"name":"Comment faire une offre"}]},{"@type":"WebSite","@id":"https:\/\/staging.hypotheekwinkel.be\/fr\/#website","url":"https:\/\/staging.hypotheekwinkel.be\/fr\/","name":"hypotheek.winkel","description":"","publisher":{"@id":"https:\/\/staging.hypotheekwinkel.be\/fr\/#organization"},"potentialAction":[{"@type":"SearchAction","target":{"@type":"EntryPoint","urlTemplate":"https:\/\/staging.hypotheekwinkel.be\/fr\/?s={search_term_string}"},"query-input":{"@type":"PropertyValueSpecification","valueRequired":true,"valueName":"search_term_string"}}],"inLanguage":"fr-FR"},{"@type":"Organization","@id":"https:\/\/staging.hypotheekwinkel.be\/fr\/#organization","name":"hypotheek.winkel","url":"https:\/\/staging.hypotheekwinkel.be\/fr\/","logo":{"@type":"ImageObject","inLanguage":"fr-FR","@id":"https:\/\/staging.hypotheekwinkel.be\/fr\/#\/schema\/logo\/image\/","url":"https:\/\/staging.hypotheekwinkel.be\/content\/uploads\/2022\/08\/HypotheekwinkelLogo_CMYK.png","contentUrl":"https:\/\/staging.hypotheekwinkel.be\/content\/uploads\/2022\/08\/HypotheekwinkelLogo_CMYK.png","width":1919,"height":1357,"caption":"hypotheek.winkel"},"image":{"@id":"https:\/\/staging.hypotheekwinkel.be\/fr\/#\/schema\/logo\/image\/"},"sameAs":["https:\/\/www.facebook.com\/hypotheek.winkel"]}]}},"_links":{"self":[{"href":"https:\/\/staging.hypotheekwinkel.be\/fr\/wp-json\/wp\/v2\/pages\/7546","targetHints":{"allow":["GET"]}}],"collection":[{"href":"https:\/\/staging.hypotheekwinkel.be\/fr\/wp-json\/wp\/v2\/pages"}],"about":[{"href":"https:\/\/staging.hypotheekwinkel.be\/fr\/wp-json\/wp\/v2\/types\/page"}],"author":[{"embeddable":true,"href":"https:\/\/staging.hypotheekwinkel.be\/fr\/wp-json\/wp\/v2\/users\/1"}],"replies":[{"embeddable":true,"href":"https:\/\/staging.hypotheekwinkel.be\/fr\/wp-json\/wp\/v2\/comments?post=7546"}],"version-history":[{"count":3,"href":"https:\/\/staging.hypotheekwinkel.be\/fr\/wp-json\/wp\/v2\/pages\/7546\/revisions"}],"predecessor-version":[{"id":7559,"href":"https:\/\/staging.hypotheekwinkel.be\/fr\/wp-json\/wp\/v2\/pages\/7546\/revisions\/7559"}],"wp:attachment":[{"href":"https:\/\/staging.hypotheekwinkel.be\/fr\/wp-json\/wp\/v2\/media?parent=7546"}],"curies":[{"name":"wp","href":"https:\/\/api.w.org\/{rel}","templated":true}]}}