{"id":7552,"date":"2022-12-16T10:50:25","date_gmt":"2022-12-16T09:50:25","guid":{"rendered":"https:\/\/staging.hypotheekwinkel.be\/kosten-aankoop-woning-wallonie\/"},"modified":"2023-06-26T16:02:02","modified_gmt":"2023-06-26T14:02:02","slug":"couts-lors-de-lachat-dune-propriete-en-wallonie","status":"publish","type":"page","link":"https:\/\/staging.hypotheekwinkel.be\/fr\/couts-lors-de-lachat-dune-propriete-en-wallonie\/","title":{"rendered":"Co\u00fbts lors de l&rsquo;achat d&rsquo;une propri\u00e9t\u00e9 en Wallonie?"},"content":{"rendered":"\n<section\n    class=\"b-block b-hero text-left pt-5 pt-md-6 pt-xxl-7 pb-5 pb-md-6\"\n        aria-labelledby=\"block_63906c4880070-title\"\n    fetchpriority=\"high\"\n>\n    <div class=\"b-hero__container container\">\n        <div class=\"b-hero__inner\">\n                            <div class=\"row mt-auto mt-sm-0\">\n                    <div class=\"col-lg-10 col-xl-9\">\n                        <h1 id=\"block_63906c4880070-title\">Co\u00fbts lors de l&rsquo;achat d&rsquo;une propri\u00e9t\u00e9 en Wallonie ?<\/h1>\n                                            <\/div>\n                <\/div>\n            \n            \n                    <\/div>\n    <\/div>\n<\/section>\n\n\n\n<section\n    class=\"b-block b-editor text-left\"\n    aria-labelledby=\"block_63906c5680071-title\"\n>\n    <div class=\"container\">\n        <div class=\"row justify-content-center\">\n            <div class=\"col \">\n                <div class=\"row my-4\">\n                                            \n                                                    <div class=\"row mb-4\">\n                                <div class=\"col\">\n                                    <div class=\"intro text-primary\">\n                                        <p>Les maisons sont ch\u00e8res en Flandre. Tr\u00e8s ch\u00e8res. Ne serait-il pas int\u00e9ressant pour un jeune couple de jeter un coup d&rsquo;\u0153il de l&rsquo;autre c\u00f4t\u00e9 de la fronti\u00e8re linguistique ? Peut-\u00eatre. Nous examinerons ci-dessous les avantages et les inconv\u00e9nients.<\/p>\n<p>En effet, les maisons en R\u00e9gion wallonne sont les moins ch\u00e8res du pays. En moyenne, vous payez environ 2 200 euros par m\u00e8tre carr\u00e9 pour un appartement et un peu plus de 1 500 euros par m\u00e8tre carr\u00e9 pour une maison (contre respectivement 2 800 et 2 100 euros en Flandre). Mais avant de commencer \u00e0 r\u00eaver d&rsquo;une villa au bord des Ardennes, prenez en compte quelques \u00e9l\u00e9ments.<\/p>\n<p>Tout d&rsquo;abord, toutes les provinces et communes ne sont pas \u00e9galement bon march\u00e9, tout comme Li\u00e8ge est plus cher que Virton et Mons plus cher que Colfontaine.<\/p>\n                                    <\/div>\n                                <\/div>\n                            <\/div>\n                                                            <\/div>\n                            <\/div>\n        <\/div>\n    <\/div>\n<\/section>\n\n\n\n<section\n    class=\"b-block b-editor text-left\"\n    aria-labelledby=\"block_639090a7febbf-title\"\n>\n    <div class=\"container\">\n        <div class=\"row justify-content-center\">\n            <div class=\"col \">\n                <div class=\"row my-4\">\n                                                                        <div class=\"col mb-4\">\n                                                                    <h2 id=\"block_639090a7febbf-title\">Maisons bon march\u00e9, co\u00fbts \u00e9lev\u00e9s<\/h2>\n                                                            <\/div>\n                        \n                                                    <div class=\"row mb-4\">\n                                <div class=\"col\">\n                                    <div class=\"intro text-primary\">\n                                        <p>Tout se joue dans les droits d&rsquo;enregistrement. Vous vous souvenez du syst\u00e8me du \u00ab\u00a0grand et petit description\u00a0\u00bb qui existait autrefois en Flandre ? C&rsquo;\u00e9tait un syst\u00e8me plut\u00f4t particulier o\u00f9 vous deviez payer des imp\u00f4ts plus \u00e9lev\u00e9s pour les maisons de valeur bas\u00e9s sur la valeur locative cadastrale d&rsquo;il y a longtemps. Ce syst\u00e8me a \u00e9t\u00e9 remplac\u00e9 en Flandre en 2018 par un pourcentage fixe qui a \u00e9galement diminu\u00e9 plusieurs fois au cours des derni\u00e8res ann\u00e9es : aujourd&rsquo;hui, vous payez g\u00e9n\u00e9ralement un droit d&rsquo;enregistrement standard de 3 % pour une premi\u00e8re r\u00e9sidence familiale.<\/p>\n<p>Mais voici le probl\u00e8me : l&rsquo;ancien syst\u00e8me existe toujours en Wallonie. En R\u00e9gion wallonne, vous payez soit 12,5 % de taxe d&rsquo;enregistrement pour un revenu cadastral sup\u00e9rieur \u00e0 745 euros (grande description), soit 6 % pour une \u00ab\u00a0habitation modeste\u00a0\u00bb avec un revenu cadastral inf\u00e9rieur (petite description). Cependant, veuillez noter que vous ne payez g\u00e9n\u00e9ralement pas de droits d&rsquo;enregistrement sur les premiers 20 000 euros. Cela s&rsquo;appelle \u00ab\u00a0l&rsquo;abattement\u00a0\u00bb.<\/p>\n                                    <\/div>\n                                <\/div>\n                            <\/div>\n                                                            <\/div>\n                            <\/div>\n        <\/div>\n    <\/div>\n<\/section>\n\n\n\n<section\n    class=\"b-block b-editor text-left\"\n    aria-labelledby=\"block_639090aafebc0-title\"\n>\n    <div class=\"container\">\n        <div class=\"row justify-content-center\">\n            <div class=\"col \">\n                <div class=\"row my-4\">\n                                                                        <div class=\"col mb-4\">\n                                                                    <h2 id=\"block_639090aafebc0-title\">Les exceptions et les exceptions aux exceptions<\/h2>\n                                                            <\/div>\n                        \n                                                    <div class=\"row mb-4\">\n                                <div class=\"col\">\n                                    <div class=\"intro text-primary\">\n                                        <p>Mais cela devient encore plus compliqu\u00e9, car m\u00eame avec une petite description, vous payez toujours 12,5 % pour le montant sup\u00e9rieur \u00e0 166 766 euros. Dans les communes \u00e0 forte pression immobili\u00e8re, ce seuil est de 177 884 euros. Pour rendre les choses encore plus confuses, le taux de 6 % devient 5 % si vous pouvez b\u00e9n\u00e9ficier d&rsquo;un pr\u00eat social. Et une derni\u00e8re chose : si vous avez plus de deux enfants, le seuil pour la grande description est sup\u00e9rieur \u00e0 745 euros. M\u00eame un notaire s&rsquo;y perdrait. Si vous souhaitez relire cela, amusez-vous sur le site web du Service public f\u00e9d\u00e9ral Finances.<\/p>\n<p>Mais o\u00f9 cela nous m\u00e8ne-t-il en r\u00e9alit\u00e9 ? Supposons que vous achetiez une maison d&rsquo;une valeur de 250 000 euros et que le revenu cadastral soit inf\u00e9rieur \u00e0 745 euros, ce qui correspond \u00e0 une petite description. Sur les premiers 20 000 euros, vous ne payez rien. Sur les 166 766 euros suivants, vous payez 6 %. Et sur les 63 234 euros restants, vous payez 12,5 %. Total : 17 909 euros de droits d&rsquo;enregistrement.<\/p>\n<p>En Flandre, cela ne serait que de 7 500 euros (3 % du montant total) et m\u00eame seulement de 2 500 euros si vous vous engagez \u00e0 r\u00e9nover de mani\u00e8re \u00e9conome en \u00e9nergie (1 % du montant total).<\/p>\n<p>C&rsquo;est une diff\u00e9rence consid\u00e9rable, et elle ne fera que s&rsquo;accentuer si vous d\u00e9cidez d&rsquo;opter pour cette villa co\u00fbteuse dans les Ardennes&#8230;<\/p>\n                                    <\/div>\n                                <\/div>\n                            <\/div>\n                                                            <\/div>\n                            <\/div>\n        <\/div>\n    <\/div>\n<\/section>\n\n\n\n<section\n    class=\"b-block b-editor text-left\"\n    aria-labelledby=\"block_63906c5780072-title\"\n>\n    <div class=\"container\">\n        <div class=\"row justify-content-center\">\n            <div class=\"col \">\n                <div class=\"row my-4\">\n                                                                        <div class=\"col mb-4\">\n                                                                    <h2 id=\"block_63906c5780072-title\">Une langue claire \u00e0 la fronti\u00e8re linguistique<\/h2>\n                                                            <\/div>\n                        \n                                                    <div class=\"row mb-4\">\n                                <div class=\"col\">\n                                    <div class=\"intro text-primary\">\n                                        <p>Envisagez-vous un achat juste de l&rsquo;autre c\u00f4t\u00e9 de la fronti\u00e8re linguistique et cherchez-vous quelqu&rsquo;un qui puisse expliquer la diff\u00e9rence avec la Flandre ? Prenez rendez-vous dans cette r\u00e9gion, car nos experts hypoth\u00e9caires les plus exp\u00e9riment\u00e9s s&rsquo;y trouvent de toute fa\u00e7on.<\/p>\n                                    <\/div>\n                                <\/div>\n                            <\/div>\n                                                            <\/div>\n                            <\/div>\n        <\/div>\n    <\/div>\n<\/section>\n","protected":false},"excerpt":{"rendered":"","protected":false},"author":1,"featured_media":0,"parent":0,"menu_order":0,"comment_status":"closed","ping_status":"closed","template":"","meta":{"_acf_changed":false,"content-type":"","footnotes":""},"class_list":["post-7552","page","type-page","status-publish","hentry"],"acf":[],"yoast_head":"<!-- This site is optimized with the Yoast SEO Premium plugin v20.1 (Yoast SEO v27.2) - https:\/\/yoast.com\/product\/yoast-seo-premium-wordpress\/ -->\n<title>Co\u00fbts lors de l&#039;achat d&#039;une propri\u00e9t\u00e9 en Wallonie?<\/title>\n<meta name=\"description\" content=\"Au sein de la R\u00e9gion wallonne, vous payez soit une taxe d&#039;enregistrement de 12,5 % pour un revenu cadastral sup\u00e9rieur \u00e0 745 euros, soit 6 % pour une &quot;habitation modeste&quot; avec un revenu cadastral inf\u00e9rieur.\" \/>\n<meta name=\"robots\" content=\"noindex, follow, max-snippet:-1, max-image-preview:large, max-video-preview:-1\" \/>\n<meta property=\"og:locale\" content=\"fr_FR\" \/>\n<meta property=\"og:type\" content=\"article\" \/>\n<meta property=\"og:title\" content=\"Co\u00fbts lors de l&#039;achat d&#039;une propri\u00e9t\u00e9 en Wallonie?\" \/>\n<meta property=\"og:description\" content=\"Au sein de la R\u00e9gion wallonne, vous payez soit une taxe d&#039;enregistrement de 12,5 % pour un revenu cadastral sup\u00e9rieur \u00e0 745 euros, soit 6 % pour une &quot;habitation modeste&quot; avec un revenu cadastral inf\u00e9rieur.\" \/>\n<meta property=\"og:url\" content=\"https:\/\/staging.hypotheekwinkel.be\/fr\/couts-lors-de-lachat-dune-propriete-en-wallonie\/\" \/>\n<meta property=\"og:site_name\" content=\"hypotheek.winkel\" \/>\n<meta property=\"article:publisher\" content=\"https:\/\/www.facebook.com\/hypotheek.winkel\" \/>\n<meta property=\"article:modified_time\" content=\"2023-06-26T14:02:02+00:00\" \/>\n<meta name=\"twitter:card\" content=\"summary_large_image\" \/>\n<script type=\"application\/ld+json\" class=\"yoast-schema-graph\">{\"@context\":\"https:\/\/schema.org\",\"@graph\":[{\"@type\":\"WebPage\",\"@id\":\"https:\/\/staging.hypotheekwinkel.be\/fr\/couts-lors-de-lachat-dune-propriete-en-wallonie\/\",\"url\":\"https:\/\/staging.hypotheekwinkel.be\/fr\/couts-lors-de-lachat-dune-propriete-en-wallonie\/\",\"name\":\"Co\u00fbts lors de l'achat d'une propri\u00e9t\u00e9 en Wallonie?\",\"isPartOf\":{\"@id\":\"https:\/\/staging.hypotheekwinkel.be\/fr\/#website\"},\"datePublished\":\"2022-12-16T09:50:25+00:00\",\"dateModified\":\"2023-06-26T14:02:02+00:00\",\"description\":\"Au sein de la R\u00e9gion wallonne, vous payez soit une taxe d'enregistrement de 12,5 % pour un revenu cadastral sup\u00e9rieur \u00e0 745 euros, soit 6 % pour une \\\"habitation modeste\\\" avec un revenu cadastral inf\u00e9rieur.\",\"breadcrumb\":{\"@id\":\"https:\/\/staging.hypotheekwinkel.be\/fr\/couts-lors-de-lachat-dune-propriete-en-wallonie\/#breadcrumb\"},\"inLanguage\":\"fr-FR\",\"potentialAction\":[{\"@type\":\"ReadAction\",\"target\":[\"https:\/\/staging.hypotheekwinkel.be\/fr\/couts-lors-de-lachat-dune-propriete-en-wallonie\/\"]}]},{\"@type\":\"BreadcrumbList\",\"@id\":\"https:\/\/staging.hypotheekwinkel.be\/fr\/couts-lors-de-lachat-dune-propriete-en-wallonie\/#breadcrumb\",\"itemListElement\":[{\"@type\":\"ListItem\",\"position\":1,\"name\":\"Home\",\"item\":\"https:\/\/staging.hypotheekwinkel.be\/fr\/\"},{\"@type\":\"ListItem\",\"position\":2,\"name\":\"Co\u00fbts lors de l&#8217;achat d&#8217;une propri\u00e9t\u00e9 en Wallonie?\"}]},{\"@type\":\"WebSite\",\"@id\":\"https:\/\/staging.hypotheekwinkel.be\/fr\/#website\",\"url\":\"https:\/\/staging.hypotheekwinkel.be\/fr\/\",\"name\":\"hypotheek.winkel\",\"description\":\"\",\"publisher\":{\"@id\":\"https:\/\/staging.hypotheekwinkel.be\/fr\/#organization\"},\"potentialAction\":[{\"@type\":\"SearchAction\",\"target\":{\"@type\":\"EntryPoint\",\"urlTemplate\":\"https:\/\/staging.hypotheekwinkel.be\/fr\/?s={search_term_string}\"},\"query-input\":{\"@type\":\"PropertyValueSpecification\",\"valueRequired\":true,\"valueName\":\"search_term_string\"}}],\"inLanguage\":\"fr-FR\"},{\"@type\":\"Organization\",\"@id\":\"https:\/\/staging.hypotheekwinkel.be\/fr\/#organization\",\"name\":\"hypotheek.winkel\",\"url\":\"https:\/\/staging.hypotheekwinkel.be\/fr\/\",\"logo\":{\"@type\":\"ImageObject\",\"inLanguage\":\"fr-FR\",\"@id\":\"https:\/\/staging.hypotheekwinkel.be\/fr\/#\/schema\/logo\/image\/\",\"url\":\"https:\/\/staging.hypotheekwinkel.be\/content\/uploads\/2022\/08\/HypotheekwinkelLogo_CMYK.png\",\"contentUrl\":\"https:\/\/staging.hypotheekwinkel.be\/content\/uploads\/2022\/08\/HypotheekwinkelLogo_CMYK.png\",\"width\":1919,\"height\":1357,\"caption\":\"hypotheek.winkel\"},\"image\":{\"@id\":\"https:\/\/staging.hypotheekwinkel.be\/fr\/#\/schema\/logo\/image\/\"},\"sameAs\":[\"https:\/\/www.facebook.com\/hypotheek.winkel\"]}]}<\/script>\n<!-- \/ Yoast SEO Premium plugin. -->","yoast_head_json":{"title":"Co\u00fbts lors de l'achat d'une propri\u00e9t\u00e9 en Wallonie?","description":"Au sein de la R\u00e9gion wallonne, vous payez soit une taxe d'enregistrement de 12,5 % pour un revenu cadastral sup\u00e9rieur \u00e0 745 euros, soit 6 % pour une \"habitation modeste\" avec un revenu cadastral inf\u00e9rieur.","robots":{"index":"noindex","follow":"follow","max-snippet":"max-snippet:-1","max-image-preview":"max-image-preview:large","max-video-preview":"max-video-preview:-1"},"og_locale":"fr_FR","og_type":"article","og_title":"Co\u00fbts lors de l'achat d'une propri\u00e9t\u00e9 en Wallonie?","og_description":"Au sein de la R\u00e9gion wallonne, vous payez soit une taxe d'enregistrement de 12,5 % pour un revenu cadastral sup\u00e9rieur \u00e0 745 euros, soit 6 % pour une \"habitation modeste\" avec un revenu cadastral inf\u00e9rieur.","og_url":"https:\/\/staging.hypotheekwinkel.be\/fr\/couts-lors-de-lachat-dune-propriete-en-wallonie\/","og_site_name":"hypotheek.winkel","article_publisher":"https:\/\/www.facebook.com\/hypotheek.winkel","article_modified_time":"2023-06-26T14:02:02+00:00","twitter_card":"summary_large_image","schema":{"@context":"https:\/\/schema.org","@graph":[{"@type":"WebPage","@id":"https:\/\/staging.hypotheekwinkel.be\/fr\/couts-lors-de-lachat-dune-propriete-en-wallonie\/","url":"https:\/\/staging.hypotheekwinkel.be\/fr\/couts-lors-de-lachat-dune-propriete-en-wallonie\/","name":"Co\u00fbts lors de l'achat d'une propri\u00e9t\u00e9 en Wallonie?","isPartOf":{"@id":"https:\/\/staging.hypotheekwinkel.be\/fr\/#website"},"datePublished":"2022-12-16T09:50:25+00:00","dateModified":"2023-06-26T14:02:02+00:00","description":"Au sein de la R\u00e9gion wallonne, vous payez soit une taxe d'enregistrement de 12,5 % pour un revenu cadastral sup\u00e9rieur \u00e0 745 euros, soit 6 % pour une \"habitation modeste\" avec un revenu cadastral inf\u00e9rieur.","breadcrumb":{"@id":"https:\/\/staging.hypotheekwinkel.be\/fr\/couts-lors-de-lachat-dune-propriete-en-wallonie\/#breadcrumb"},"inLanguage":"fr-FR","potentialAction":[{"@type":"ReadAction","target":["https:\/\/staging.hypotheekwinkel.be\/fr\/couts-lors-de-lachat-dune-propriete-en-wallonie\/"]}]},{"@type":"BreadcrumbList","@id":"https:\/\/staging.hypotheekwinkel.be\/fr\/couts-lors-de-lachat-dune-propriete-en-wallonie\/#breadcrumb","itemListElement":[{"@type":"ListItem","position":1,"name":"Home","item":"https:\/\/staging.hypotheekwinkel.be\/fr\/"},{"@type":"ListItem","position":2,"name":"Co\u00fbts lors de l&#8217;achat d&#8217;une propri\u00e9t\u00e9 en Wallonie?"}]},{"@type":"WebSite","@id":"https:\/\/staging.hypotheekwinkel.be\/fr\/#website","url":"https:\/\/staging.hypotheekwinkel.be\/fr\/","name":"hypotheek.winkel","description":"","publisher":{"@id":"https:\/\/staging.hypotheekwinkel.be\/fr\/#organization"},"potentialAction":[{"@type":"SearchAction","target":{"@type":"EntryPoint","urlTemplate":"https:\/\/staging.hypotheekwinkel.be\/fr\/?s={search_term_string}"},"query-input":{"@type":"PropertyValueSpecification","valueRequired":true,"valueName":"search_term_string"}}],"inLanguage":"fr-FR"},{"@type":"Organization","@id":"https:\/\/staging.hypotheekwinkel.be\/fr\/#organization","name":"hypotheek.winkel","url":"https:\/\/staging.hypotheekwinkel.be\/fr\/","logo":{"@type":"ImageObject","inLanguage":"fr-FR","@id":"https:\/\/staging.hypotheekwinkel.be\/fr\/#\/schema\/logo\/image\/","url":"https:\/\/staging.hypotheekwinkel.be\/content\/uploads\/2022\/08\/HypotheekwinkelLogo_CMYK.png","contentUrl":"https:\/\/staging.hypotheekwinkel.be\/content\/uploads\/2022\/08\/HypotheekwinkelLogo_CMYK.png","width":1919,"height":1357,"caption":"hypotheek.winkel"},"image":{"@id":"https:\/\/staging.hypotheekwinkel.be\/fr\/#\/schema\/logo\/image\/"},"sameAs":["https:\/\/www.facebook.com\/hypotheek.winkel"]}]}},"_links":{"self":[{"href":"https:\/\/staging.hypotheekwinkel.be\/fr\/wp-json\/wp\/v2\/pages\/7552","targetHints":{"allow":["GET"]}}],"collection":[{"href":"https:\/\/staging.hypotheekwinkel.be\/fr\/wp-json\/wp\/v2\/pages"}],"about":[{"href":"https:\/\/staging.hypotheekwinkel.be\/fr\/wp-json\/wp\/v2\/types\/page"}],"author":[{"embeddable":true,"href":"https:\/\/staging.hypotheekwinkel.be\/fr\/wp-json\/wp\/v2\/users\/1"}],"replies":[{"embeddable":true,"href":"https:\/\/staging.hypotheekwinkel.be\/fr\/wp-json\/wp\/v2\/comments?post=7552"}],"version-history":[{"count":2,"href":"https:\/\/staging.hypotheekwinkel.be\/fr\/wp-json\/wp\/v2\/pages\/7552\/revisions"}],"predecessor-version":[{"id":7558,"href":"https:\/\/staging.hypotheekwinkel.be\/fr\/wp-json\/wp\/v2\/pages\/7552\/revisions\/7558"}],"wp:attachment":[{"href":"https:\/\/staging.hypotheekwinkel.be\/fr\/wp-json\/wp\/v2\/media?parent=7552"}],"curies":[{"name":"wp","href":"https:\/\/api.w.org\/{rel}","templated":true}]}}