{"id":7561,"date":"2022-12-16T10:39:41","date_gmt":"2022-12-16T09:39:41","guid":{"rendered":"https:\/\/staging.hypotheekwinkel.be\/kosten-aankoop-woning-brussel\/"},"modified":"2023-06-26T16:21:04","modified_gmt":"2023-06-26T14:21:04","slug":"couts-de-l-achat-bruxelles","status":"publish","type":"page","link":"https:\/\/staging.hypotheekwinkel.be\/fr\/couts-de-l-achat-bruxelles\/","title":{"rendered":"Quels sont les co\u00fbts lors de l&rsquo;achat d&rsquo;une propri\u00e9t\u00e9 \u00e0 Bruxelles?"},"content":{"rendered":"\n<section\n    class=\"b-block b-hero text-left pt-5 pt-md-6 pt-xxl-7 pb-5 pb-md-6\"\n        aria-labelledby=\"block_63906c4880070-title\"\n    fetchpriority=\"high\"\n>\n    <div class=\"b-hero__container container\">\n        <div class=\"b-hero__inner\">\n                            <div class=\"row mt-auto mt-sm-0\">\n                    <div class=\"col-lg-10 col-xl-9\">\n                        <h1 id=\"block_63906c4880070-title\">Quels sont les co\u00fbts lors de l&rsquo;achat d&rsquo;une propri\u00e9t\u00e9 \u00e0 Bruxelles ?<\/h1>\n                                            <\/div>\n                <\/div>\n            \n            \n                    <\/div>\n    <\/div>\n<\/section>\n\n\n\n<section\n    class=\"b-block b-editor text-left\"\n    aria-labelledby=\"block_63906c5680071-title\"\n>\n    <div class=\"container\">\n        <div class=\"row justify-content-center\">\n            <div class=\"col \">\n                <div class=\"row my-4\">\n                                            \n                                                    <div class=\"row mb-4\">\n                                <div class=\"col\">\n                                    <div class=\"intro text-primary\">\n                                        <p><strong>Pourquoi faire simple quand on peut faire compliqu\u00e9 ? Dans notre pays, vous ne payez pas seulement des frais diff\u00e9rents pour une maison en Wallonie ou en Flandre, la R\u00e9gion de Bruxelles-Capitale a \u00e9galement son propre syst\u00e8me. Nous allons vous pr\u00e9senter les r\u00e8gles les plus importantes.<\/strong><\/p>\n<p>D&rsquo;entr\u00e9e de jeu, sachez que Bruxelles est la r\u00e9gion la plus ch\u00e8re de notre pays si l&rsquo;on se r\u00e9f\u00e8re uniquement au prix d&rsquo;achat. Pour un appartement, vous paierez plus de 3 300 euros par m\u00e8tre carr\u00e9 (contre 2 800 euros en Flandre) et pour une maison, ce sera 3 000 euros par m\u00e8tre carr\u00e9 (contre 2 100 euros en Flandre).<\/p>\n<p>Cependant, il s&rsquo;agit d&rsquo;une moyenne pour les 19 communes r\u00e9unies. Par exemple, Anderlecht et Molenbeek font partie des communes les moins ch\u00e8res du pays. Ce sont donc principalement les penthouses \u00e0 Ixelles et les villas \u00e0 Woluwe ou Uccle qui font grimper les prix en fl\u00e8che.<\/p>\n<p>Mais qu&rsquo;en est-il des co\u00fbts suppl\u00e9mentaires ? En g\u00e9n\u00e9ral, vous \u00eates moins bien loti \u00e0 Bruxelles par rapport \u00e0 la Flandre, mais cela d\u00e9pend du montant de votre achat.<\/p>\n                                    <\/div>\n                                <\/div>\n                            <\/div>\n                                                            <\/div>\n                            <\/div>\n        <\/div>\n    <\/div>\n<\/section>\n\n\n\n<section\n    class=\"b-block b-editor text-left\"\n    aria-labelledby=\"block_639090a7febbf-title\"\n>\n    <div class=\"container\">\n        <div class=\"row justify-content-center\">\n            <div class=\"col \">\n                <div class=\"row my-4\">\n                                                                        <div class=\"col mb-4\">\n                                                                    <h2 id=\"block_639090a7febbf-title\">Qu&rsquo;est-ce qu&rsquo;un \u00ab\u00a0abattement\u00a0\u00bb ?<\/h2>\n                                                            <\/div>\n                        \n                                                    <div class=\"row mb-4\">\n                                <div class=\"col\">\n                                    <div class=\"intro text-primary\">\n                                        <p>La grande diff\u00e9rence r\u00e9side dans <strong>les droits d&rsquo;enregistrement<\/strong>. \u00c0 Bruxelles, vous payez encore 12,5 % sur le prix d&rsquo;achat. En Flandre, ils ont d\u00e9j\u00e0 r\u00e9duit cette taxe plusieurs fois, la derni\u00e8re fois d\u00e9but 2022. L\u00e0-bas, vous ne payez que 3 % pour une premi\u00e8re habitation propre. Ainsi, les droits d&rsquo;enregistrement \u00e0 Bruxelles sont consid\u00e9rablement plus \u00e9lev\u00e9s et il n&rsquo;y a pas d&rsquo;exceptions comme en Flandre (o\u00f9, par exemple, vous ne payez que 1 % si vous vous engagez \u00e0 r\u00e9nover de mani\u00e8re \u00e9conome en \u00e9nergie).<\/p>\n<p>Cependant, il y a une exception importante : la premi\u00e8re tranche de 200 000 euros est exon\u00e9r\u00e9e de droits d&rsquo;enregistrement. Cela s&rsquo;appelle l&rsquo;\u00a0\u00bbabattement\u00a0\u00bb. Il y a quelques r\u00e8gles, mais en r\u00e9sum\u00e9, cela signifie que vous devez acheter en tant que personne physique (pas par le biais d&rsquo;une soci\u00e9t\u00e9), que c&rsquo;est votre premi\u00e8re r\u00e9sidence, que vous allez y habiter vous-m\u00eame et que la propri\u00e9t\u00e9 ne doit pas co\u00fbter plus de 600 000 euros.<\/p>\n                                    <\/div>\n                                <\/div>\n                            <\/div>\n                                                            <\/div>\n                            <\/div>\n        <\/div>\n    <\/div>\n<\/section>\n\n\n\n<section\n    class=\"b-block b-editor text-left\"\n    aria-labelledby=\"block_639090aafebc0-title\"\n>\n    <div class=\"container\">\n        <div class=\"row justify-content-center\">\n            <div class=\"col \">\n                <div class=\"row my-4\">\n                                                                        <div class=\"col mb-4\">\n                                                                    <h2 id=\"block_639090aafebc0-title\">Une comparaison avec la Flandre<\/h2>\n                                                            <\/div>\n                        \n                                                    <div class=\"row mb-4\">\n                                <div class=\"col\">\n                                    <div class=\"intro text-primary\">\n                                        <p>Concr\u00e8tement : si vous achetez une maison \u00e0 300 000 euros, vous payez toujours les lourds 12,5 % sur 100 000 euros apr\u00e8s l&rsquo;abattement (300 000 &#8211; 200 000). Cela se traduit donc par 12 500 euros de droits d&rsquo;enregistrement, contre 9 000 euros en Flandre au taux actuel de 3 % (ou 3 000 euros au taux de 1 % si vous r\u00e9novez de mani\u00e8re \u00e9conome en \u00e9nergie). Cette diff\u00e9rence peut \u00eatre r\u00e9sum\u00e9e en deux lettres : ai. Surtout lorsque vous r\u00e9alisez que ce sont des co\u00fbts suppl\u00e9mentaires pour lesquels vous ne pouvez pas emprunter \u00e0 la banque.<\/p>\n<p>En revanche, si vous trouvez une petite maison ouvri\u00e8re \u00e0 Molenbeek ou Anderlecht pour 225 000 euros (ce qui est peut-\u00eatre encore possible l\u00e0-bas), vous ne payez les 12,5 % que sur 25 000 euros apr\u00e8s l&rsquo;abattement. Cela revient \u00e0 3 125 euros. Dans ce cas, la Flandre serait plus ch\u00e8re (6 750 euros). Mais bon, nous parlons ici d&rsquo;un prix d&rsquo;achat exceptionnellement bas.<\/p>\n<p>Et qu&rsquo;en est-il de la R\u00e9gion wallonne ? Vous pouvez le lire <a href=\"https:\/\/staging.hypotheekwinkel.be\/fr\/couts-lors-de-lachat-dune-propriete-en-wallonie\/\">ici<\/a>.<\/p>\n                                    <\/div>\n                                <\/div>\n                            <\/div>\n                                                            <\/div>\n                            <\/div>\n        <\/div>\n    <\/div>\n<\/section>\n\n\n\n<section\n    class=\"b-block b-editor text-left\"\n    aria-labelledby=\"block_63906c5780072-title\"\n>\n    <div class=\"container\">\n        <div class=\"row justify-content-center\">\n            <div class=\"col \">\n                <div class=\"row my-4\">\n                                                                        <div class=\"col mb-4\">\n                                                                    <h2 id=\"block_63906c5780072-title\">Notre conseil est toujours \u00e0 proximit\u00e9.<\/h2>\n                                                            <\/div>\n                        \n                                                    <div class=\"row mb-4\">\n                                <div class=\"col\">\n                                    <div class=\"intro text-primary\">\n                                        <p>Nous n&rsquo;avons abord\u00e9 que les imp\u00f4ts pour le moment. Pour les honoraires du notaire et les autres frais administratifs, vous ne remarquerez que peu de diff\u00e9rence par rapport \u00e0 la Flandre. Si vous souhaitez voir le tableau d&rsquo;ensemble, faites-le nous savoir, nous avons aussi des bureaux \u00e0 Bruxelles et dans les environs.<\/p>\n                                    <\/div>\n                                <\/div>\n                            <\/div>\n                                                            <\/div>\n                            <\/div>\n        <\/div>\n    <\/div>\n<\/section>\n","protected":false},"excerpt":{"rendered":"","protected":false},"author":1,"featured_media":0,"parent":0,"menu_order":0,"comment_status":"closed","ping_status":"closed","template":"","meta":{"_acf_changed":false,"content-type":"","footnotes":""},"class_list":["post-7561","page","type-page","status-publish","hentry"],"acf":[],"yoast_head":"<!-- This site is optimized with the Yoast SEO Premium plugin v20.1 (Yoast SEO v27.2) - https:\/\/yoast.com\/product\/yoast-seo-premium-wordpress\/ -->\n<title>Quels sont les co\u00fbts lors de l&#039;achat d&#039;une propri\u00e9t\u00e9 \u00e0 Bruxelles?<\/title>\n<meta name=\"description\" content=\"Les droits d&#039;enregistrement de 12,5 % \u00e0 Bruxelles figurent parmi les plus \u00e9lev\u00e9s en Europe. Mais, nous avons l&#039;abattement...\" \/>\n<meta name=\"robots\" content=\"noindex, follow, max-snippet:-1, max-image-preview:large, max-video-preview:-1\" \/>\n<meta property=\"og:locale\" content=\"fr_FR\" \/>\n<meta property=\"og:type\" content=\"article\" \/>\n<meta property=\"og:title\" content=\"Quels sont les co\u00fbts lors de l&#039;achat d&#039;une propri\u00e9t\u00e9 \u00e0 Bruxelles?\" \/>\n<meta property=\"og:description\" content=\"Les droits d&#039;enregistrement de 12,5 % \u00e0 Bruxelles figurent parmi les plus \u00e9lev\u00e9s en Europe. Mais, nous avons l&#039;abattement...\" \/>\n<meta property=\"og:url\" content=\"https:\/\/staging.hypotheekwinkel.be\/fr\/couts-de-l-achat-bruxelles\/\" \/>\n<meta property=\"og:site_name\" content=\"hypotheek.winkel\" \/>\n<meta property=\"article:publisher\" content=\"https:\/\/www.facebook.com\/hypotheek.winkel\" \/>\n<meta property=\"article:modified_time\" content=\"2023-06-26T14:21:04+00:00\" \/>\n<meta name=\"twitter:card\" content=\"summary_large_image\" \/>\n<script type=\"application\/ld+json\" class=\"yoast-schema-graph\">{\"@context\":\"https:\/\/schema.org\",\"@graph\":[{\"@type\":\"WebPage\",\"@id\":\"https:\/\/staging.hypotheekwinkel.be\/fr\/couts-de-l-achat-bruxelles\/\",\"url\":\"https:\/\/staging.hypotheekwinkel.be\/fr\/couts-de-l-achat-bruxelles\/\",\"name\":\"Quels sont les co\u00fbts lors de l'achat d'une propri\u00e9t\u00e9 \u00e0 Bruxelles?\",\"isPartOf\":{\"@id\":\"https:\/\/staging.hypotheekwinkel.be\/fr\/#website\"},\"datePublished\":\"2022-12-16T09:39:41+00:00\",\"dateModified\":\"2023-06-26T14:21:04+00:00\",\"description\":\"Les droits d'enregistrement de 12,5 % \u00e0 Bruxelles figurent parmi les plus \u00e9lev\u00e9s en Europe. Mais, nous avons l'abattement...\",\"breadcrumb\":{\"@id\":\"https:\/\/staging.hypotheekwinkel.be\/fr\/couts-de-l-achat-bruxelles\/#breadcrumb\"},\"inLanguage\":\"fr-FR\",\"potentialAction\":[{\"@type\":\"ReadAction\",\"target\":[\"https:\/\/staging.hypotheekwinkel.be\/fr\/couts-de-l-achat-bruxelles\/\"]}]},{\"@type\":\"BreadcrumbList\",\"@id\":\"https:\/\/staging.hypotheekwinkel.be\/fr\/couts-de-l-achat-bruxelles\/#breadcrumb\",\"itemListElement\":[{\"@type\":\"ListItem\",\"position\":1,\"name\":\"Home\",\"item\":\"https:\/\/staging.hypotheekwinkel.be\/fr\/\"},{\"@type\":\"ListItem\",\"position\":2,\"name\":\"Quels sont les co\u00fbts lors de l&#8217;achat d&#8217;une propri\u00e9t\u00e9 \u00e0 Bruxelles?\"}]},{\"@type\":\"WebSite\",\"@id\":\"https:\/\/staging.hypotheekwinkel.be\/fr\/#website\",\"url\":\"https:\/\/staging.hypotheekwinkel.be\/fr\/\",\"name\":\"hypotheek.winkel\",\"description\":\"\",\"publisher\":{\"@id\":\"https:\/\/staging.hypotheekwinkel.be\/fr\/#organization\"},\"potentialAction\":[{\"@type\":\"SearchAction\",\"target\":{\"@type\":\"EntryPoint\",\"urlTemplate\":\"https:\/\/staging.hypotheekwinkel.be\/fr\/?s={search_term_string}\"},\"query-input\":{\"@type\":\"PropertyValueSpecification\",\"valueRequired\":true,\"valueName\":\"search_term_string\"}}],\"inLanguage\":\"fr-FR\"},{\"@type\":\"Organization\",\"@id\":\"https:\/\/staging.hypotheekwinkel.be\/fr\/#organization\",\"name\":\"hypotheek.winkel\",\"url\":\"https:\/\/staging.hypotheekwinkel.be\/fr\/\",\"logo\":{\"@type\":\"ImageObject\",\"inLanguage\":\"fr-FR\",\"@id\":\"https:\/\/staging.hypotheekwinkel.be\/fr\/#\/schema\/logo\/image\/\",\"url\":\"https:\/\/staging.hypotheekwinkel.be\/content\/uploads\/2022\/08\/HypotheekwinkelLogo_CMYK.png\",\"contentUrl\":\"https:\/\/staging.hypotheekwinkel.be\/content\/uploads\/2022\/08\/HypotheekwinkelLogo_CMYK.png\",\"width\":1919,\"height\":1357,\"caption\":\"hypotheek.winkel\"},\"image\":{\"@id\":\"https:\/\/staging.hypotheekwinkel.be\/fr\/#\/schema\/logo\/image\/\"},\"sameAs\":[\"https:\/\/www.facebook.com\/hypotheek.winkel\"]}]}<\/script>\n<!-- \/ Yoast SEO Premium plugin. -->","yoast_head_json":{"title":"Quels sont les co\u00fbts lors de l'achat d'une propri\u00e9t\u00e9 \u00e0 Bruxelles?","description":"Les droits d'enregistrement de 12,5 % \u00e0 Bruxelles figurent parmi les plus \u00e9lev\u00e9s en Europe. Mais, nous avons l'abattement...","robots":{"index":"noindex","follow":"follow","max-snippet":"max-snippet:-1","max-image-preview":"max-image-preview:large","max-video-preview":"max-video-preview:-1"},"og_locale":"fr_FR","og_type":"article","og_title":"Quels sont les co\u00fbts lors de l'achat d'une propri\u00e9t\u00e9 \u00e0 Bruxelles?","og_description":"Les droits d'enregistrement de 12,5 % \u00e0 Bruxelles figurent parmi les plus \u00e9lev\u00e9s en Europe. Mais, nous avons l'abattement...","og_url":"https:\/\/staging.hypotheekwinkel.be\/fr\/couts-de-l-achat-bruxelles\/","og_site_name":"hypotheek.winkel","article_publisher":"https:\/\/www.facebook.com\/hypotheek.winkel","article_modified_time":"2023-06-26T14:21:04+00:00","twitter_card":"summary_large_image","schema":{"@context":"https:\/\/schema.org","@graph":[{"@type":"WebPage","@id":"https:\/\/staging.hypotheekwinkel.be\/fr\/couts-de-l-achat-bruxelles\/","url":"https:\/\/staging.hypotheekwinkel.be\/fr\/couts-de-l-achat-bruxelles\/","name":"Quels sont les co\u00fbts lors de l'achat d'une propri\u00e9t\u00e9 \u00e0 Bruxelles?","isPartOf":{"@id":"https:\/\/staging.hypotheekwinkel.be\/fr\/#website"},"datePublished":"2022-12-16T09:39:41+00:00","dateModified":"2023-06-26T14:21:04+00:00","description":"Les droits d'enregistrement de 12,5 % \u00e0 Bruxelles figurent parmi les plus \u00e9lev\u00e9s en Europe. Mais, nous avons l'abattement...","breadcrumb":{"@id":"https:\/\/staging.hypotheekwinkel.be\/fr\/couts-de-l-achat-bruxelles\/#breadcrumb"},"inLanguage":"fr-FR","potentialAction":[{"@type":"ReadAction","target":["https:\/\/staging.hypotheekwinkel.be\/fr\/couts-de-l-achat-bruxelles\/"]}]},{"@type":"BreadcrumbList","@id":"https:\/\/staging.hypotheekwinkel.be\/fr\/couts-de-l-achat-bruxelles\/#breadcrumb","itemListElement":[{"@type":"ListItem","position":1,"name":"Home","item":"https:\/\/staging.hypotheekwinkel.be\/fr\/"},{"@type":"ListItem","position":2,"name":"Quels sont les co\u00fbts lors de l&#8217;achat d&#8217;une propri\u00e9t\u00e9 \u00e0 Bruxelles?"}]},{"@type":"WebSite","@id":"https:\/\/staging.hypotheekwinkel.be\/fr\/#website","url":"https:\/\/staging.hypotheekwinkel.be\/fr\/","name":"hypotheek.winkel","description":"","publisher":{"@id":"https:\/\/staging.hypotheekwinkel.be\/fr\/#organization"},"potentialAction":[{"@type":"SearchAction","target":{"@type":"EntryPoint","urlTemplate":"https:\/\/staging.hypotheekwinkel.be\/fr\/?s={search_term_string}"},"query-input":{"@type":"PropertyValueSpecification","valueRequired":true,"valueName":"search_term_string"}}],"inLanguage":"fr-FR"},{"@type":"Organization","@id":"https:\/\/staging.hypotheekwinkel.be\/fr\/#organization","name":"hypotheek.winkel","url":"https:\/\/staging.hypotheekwinkel.be\/fr\/","logo":{"@type":"ImageObject","inLanguage":"fr-FR","@id":"https:\/\/staging.hypotheekwinkel.be\/fr\/#\/schema\/logo\/image\/","url":"https:\/\/staging.hypotheekwinkel.be\/content\/uploads\/2022\/08\/HypotheekwinkelLogo_CMYK.png","contentUrl":"https:\/\/staging.hypotheekwinkel.be\/content\/uploads\/2022\/08\/HypotheekwinkelLogo_CMYK.png","width":1919,"height":1357,"caption":"hypotheek.winkel"},"image":{"@id":"https:\/\/staging.hypotheekwinkel.be\/fr\/#\/schema\/logo\/image\/"},"sameAs":["https:\/\/www.facebook.com\/hypotheek.winkel"]}]}},"_links":{"self":[{"href":"https:\/\/staging.hypotheekwinkel.be\/fr\/wp-json\/wp\/v2\/pages\/7561","targetHints":{"allow":["GET"]}}],"collection":[{"href":"https:\/\/staging.hypotheekwinkel.be\/fr\/wp-json\/wp\/v2\/pages"}],"about":[{"href":"https:\/\/staging.hypotheekwinkel.be\/fr\/wp-json\/wp\/v2\/types\/page"}],"author":[{"embeddable":true,"href":"https:\/\/staging.hypotheekwinkel.be\/fr\/wp-json\/wp\/v2\/users\/1"}],"replies":[{"embeddable":true,"href":"https:\/\/staging.hypotheekwinkel.be\/fr\/wp-json\/wp\/v2\/comments?post=7561"}],"version-history":[{"count":2,"href":"https:\/\/staging.hypotheekwinkel.be\/fr\/wp-json\/wp\/v2\/pages\/7561\/revisions"}],"predecessor-version":[{"id":7570,"href":"https:\/\/staging.hypotheekwinkel.be\/fr\/wp-json\/wp\/v2\/pages\/7561\/revisions\/7570"}],"wp:attachment":[{"href":"https:\/\/staging.hypotheekwinkel.be\/fr\/wp-json\/wp\/v2\/media?parent=7561"}],"curies":[{"name":"wp","href":"https:\/\/api.w.org\/{rel}","templated":true}]}}