{"id":9079,"date":"2022-12-29T13:22:25","date_gmt":"2022-12-29T12:22:25","guid":{"rendered":"https:\/\/staging.hypotheekwinkel.be\/klachten-en-suggesties\/"},"modified":"2024-01-02T15:02:00","modified_gmt":"2024-01-02T14:02:00","slug":"plainte-suggestions","status":"publish","type":"page","link":"https:\/\/staging.hypotheekwinkel.be\/fr\/plainte-suggestions\/","title":{"rendered":"Une plainte ou des suggestions?"},"content":{"rendered":"\n<section\n    class=\"b-block b-editor text-left pt-5 pt-md-6 pt-xxl-7 pb-5 pb-md-6 pb-xxl-7\"\n    aria-labelledby=\"block_68f6643f16c1f6502b55c5f623c281e8-title\"\n>\n    <div class=\"container\">\n        <div class=\"row justify-content-center\">\n            <div class=\"col \">\n                <div class=\"row my-4\">\n                                                                        <div class=\"col mb-4\">\n                                                                    <h2 id=\"block_68f6643f16c1f6502b55c5f623c281e8-title\"><h1>Une plainte ou des suggestions?<\/h1><\/h2>\n                                                            <\/div>\n                        \n                                                    <div class=\"row mb-4\">\n                                <div class=\"col\">\n                                    <div class=\"intro text-primary\">\n                                        <p>Vous attendez de nous un service impeccable. Vous avez absolument raison. Nous sommes ravis lorsque nos clients sont contents, mais leur insatisfaction nous int\u00e9resse \u00e9galement. Alors, n&rsquo;h\u00e9sitez pas \u00e0 exprimer vos r\u00e9clamations et suggestions. Nous les utiliserons pour tirer des le\u00e7ons et am\u00e9liorer notre service en cons\u00e9quence\u2026<\/p>\n<p><script charset=\"utf-8\" type=\"text\/javascript\" src=\"https:\/\/js.hsforms.net\/forms\/embed\/v2.js\"><\/script><br \/>\n<script>\n  hbspt.forms.create({\n    css: \"\",\n    region: \"na1\",\n    portalId: \"2234797\",\n    formId: \"ae173454-fd2f-40cb-8b49-b6f88ad69182\"\n  });\n<\/script><\/p>\n                                    <\/div>\n                                <\/div>\n                            <\/div>\n                                                            <\/div>\n                            <\/div>\n        <\/div>\n    <\/div>\n<\/section>\n","protected":false},"excerpt":{"rendered":"","protected":false},"author":1,"featured_media":0,"parent":0,"menu_order":0,"comment_status":"closed","ping_status":"closed","template":"","meta":{"_acf_changed":false,"content-type":"","footnotes":""},"class_list":["post-9079","page","type-page","status-publish","hentry"],"acf":[],"yoast_head":"<!-- This site is optimized with the Yoast SEO Premium plugin v20.1 (Yoast SEO v27.2) - https:\/\/yoast.com\/product\/yoast-seo-premium-wordpress\/ -->\n<title>Une plainte ou des suggestions? | hypotheek.winkel<\/title>\n<meta name=\"description\" content=\"Vous attendez de nous un service impeccable. Vous avez absolument raison. Nous sommes ravis lorsque nos clients sont contents, mais leur insatisfaction nous int\u00e9resse \u00e9galement. Alors, n&#039;h\u00e9sitez pas \u00e0 exprimer vos r\u00e9clamations et suggestions. Nous les utiliserons pour tirer des le\u00e7ons et am\u00e9liorer notre service en cons\u00e9quence\u2026\" \/>\n<meta name=\"robots\" content=\"noindex, follow, max-snippet:-1, max-image-preview:large, max-video-preview:-1\" \/>\n<meta property=\"og:locale\" content=\"fr_FR\" \/>\n<meta property=\"og:type\" content=\"article\" \/>\n<meta property=\"og:title\" content=\"Une plainte ou des suggestions?\" \/>\n<meta property=\"og:description\" content=\"Vous attendez de nous un service impeccable. Vous avez absolument raison. Nous sommes ravis lorsque nos clients sont contents, mais leur insatisfaction nous int\u00e9resse \u00e9galement. Alors, n&#039;h\u00e9sitez pas \u00e0 exprimer vos r\u00e9clamations et suggestions. Nous les utiliserons pour tirer des le\u00e7ons et am\u00e9liorer notre service en cons\u00e9quence\u2026\" \/>\n<meta property=\"og:url\" content=\"https:\/\/staging.hypotheekwinkel.be\/fr\/plainte-suggestions\/\" \/>\n<meta property=\"og:site_name\" content=\"hypotheek.winkel\" \/>\n<meta property=\"article:publisher\" content=\"https:\/\/www.facebook.com\/hypotheek.winkel\" \/>\n<meta property=\"article:modified_time\" content=\"2024-01-02T14:02:00+00:00\" \/>\n<meta name=\"twitter:card\" content=\"summary_large_image\" \/>\n<script type=\"application\/ld+json\" class=\"yoast-schema-graph\">{\"@context\":\"https:\/\/schema.org\",\"@graph\":[{\"@type\":\"WebPage\",\"@id\":\"https:\/\/staging.hypotheekwinkel.be\/fr\/plainte-suggestions\/\",\"url\":\"https:\/\/staging.hypotheekwinkel.be\/fr\/plainte-suggestions\/\",\"name\":\"Une plainte ou des suggestions? | hypotheek.winkel\",\"isPartOf\":{\"@id\":\"https:\/\/staging.hypotheekwinkel.be\/fr\/#website\"},\"datePublished\":\"2022-12-29T12:22:25+00:00\",\"dateModified\":\"2024-01-02T14:02:00+00:00\",\"description\":\"Vous attendez de nous un service impeccable. Vous avez absolument raison. Nous sommes ravis lorsque nos clients sont contents, mais leur insatisfaction nous int\u00e9resse \u00e9galement. Alors, n'h\u00e9sitez pas \u00e0 exprimer vos r\u00e9clamations et suggestions. Nous les utiliserons pour tirer des le\u00e7ons et am\u00e9liorer notre service en cons\u00e9quence\u2026\",\"breadcrumb\":{\"@id\":\"https:\/\/staging.hypotheekwinkel.be\/fr\/plainte-suggestions\/#breadcrumb\"},\"inLanguage\":\"fr-FR\",\"potentialAction\":[{\"@type\":\"ReadAction\",\"target\":[\"https:\/\/staging.hypotheekwinkel.be\/fr\/plainte-suggestions\/\"]}]},{\"@type\":\"BreadcrumbList\",\"@id\":\"https:\/\/staging.hypotheekwinkel.be\/fr\/plainte-suggestions\/#breadcrumb\",\"itemListElement\":[{\"@type\":\"ListItem\",\"position\":1,\"name\":\"Home\",\"item\":\"https:\/\/staging.hypotheekwinkel.be\/fr\/\"},{\"@type\":\"ListItem\",\"position\":2,\"name\":\"Une plainte ou des suggestions?\"}]},{\"@type\":\"WebSite\",\"@id\":\"https:\/\/staging.hypotheekwinkel.be\/fr\/#website\",\"url\":\"https:\/\/staging.hypotheekwinkel.be\/fr\/\",\"name\":\"hypotheek.winkel\",\"description\":\"\",\"publisher\":{\"@id\":\"https:\/\/staging.hypotheekwinkel.be\/fr\/#organization\"},\"potentialAction\":[{\"@type\":\"SearchAction\",\"target\":{\"@type\":\"EntryPoint\",\"urlTemplate\":\"https:\/\/staging.hypotheekwinkel.be\/fr\/?s={search_term_string}\"},\"query-input\":{\"@type\":\"PropertyValueSpecification\",\"valueRequired\":true,\"valueName\":\"search_term_string\"}}],\"inLanguage\":\"fr-FR\"},{\"@type\":\"Organization\",\"@id\":\"https:\/\/staging.hypotheekwinkel.be\/fr\/#organization\",\"name\":\"hypotheek.winkel\",\"url\":\"https:\/\/staging.hypotheekwinkel.be\/fr\/\",\"logo\":{\"@type\":\"ImageObject\",\"inLanguage\":\"fr-FR\",\"@id\":\"https:\/\/staging.hypotheekwinkel.be\/fr\/#\/schema\/logo\/image\/\",\"url\":\"https:\/\/staging.hypotheekwinkel.be\/content\/uploads\/2022\/08\/HypotheekwinkelLogo_CMYK.png\",\"contentUrl\":\"https:\/\/staging.hypotheekwinkel.be\/content\/uploads\/2022\/08\/HypotheekwinkelLogo_CMYK.png\",\"width\":1919,\"height\":1357,\"caption\":\"hypotheek.winkel\"},\"image\":{\"@id\":\"https:\/\/staging.hypotheekwinkel.be\/fr\/#\/schema\/logo\/image\/\"},\"sameAs\":[\"https:\/\/www.facebook.com\/hypotheek.winkel\"]}]}<\/script>\n<!-- \/ Yoast SEO Premium plugin. -->","yoast_head_json":{"title":"Une plainte ou des suggestions? | hypotheek.winkel","description":"Vous attendez de nous un service impeccable. Vous avez absolument raison. Nous sommes ravis lorsque nos clients sont contents, mais leur insatisfaction nous int\u00e9resse \u00e9galement. Alors, n'h\u00e9sitez pas \u00e0 exprimer vos r\u00e9clamations et suggestions. Nous les utiliserons pour tirer des le\u00e7ons et am\u00e9liorer notre service en cons\u00e9quence\u2026","robots":{"index":"noindex","follow":"follow","max-snippet":"max-snippet:-1","max-image-preview":"max-image-preview:large","max-video-preview":"max-video-preview:-1"},"og_locale":"fr_FR","og_type":"article","og_title":"Une plainte ou des suggestions?","og_description":"Vous attendez de nous un service impeccable. Vous avez absolument raison. Nous sommes ravis lorsque nos clients sont contents, mais leur insatisfaction nous int\u00e9resse \u00e9galement. Alors, n'h\u00e9sitez pas \u00e0 exprimer vos r\u00e9clamations et suggestions. Nous les utiliserons pour tirer des le\u00e7ons et am\u00e9liorer notre service en cons\u00e9quence\u2026","og_url":"https:\/\/staging.hypotheekwinkel.be\/fr\/plainte-suggestions\/","og_site_name":"hypotheek.winkel","article_publisher":"https:\/\/www.facebook.com\/hypotheek.winkel","article_modified_time":"2024-01-02T14:02:00+00:00","twitter_card":"summary_large_image","schema":{"@context":"https:\/\/schema.org","@graph":[{"@type":"WebPage","@id":"https:\/\/staging.hypotheekwinkel.be\/fr\/plainte-suggestions\/","url":"https:\/\/staging.hypotheekwinkel.be\/fr\/plainte-suggestions\/","name":"Une plainte ou des suggestions? | hypotheek.winkel","isPartOf":{"@id":"https:\/\/staging.hypotheekwinkel.be\/fr\/#website"},"datePublished":"2022-12-29T12:22:25+00:00","dateModified":"2024-01-02T14:02:00+00:00","description":"Vous attendez de nous un service impeccable. Vous avez absolument raison. Nous sommes ravis lorsque nos clients sont contents, mais leur insatisfaction nous int\u00e9resse \u00e9galement. Alors, n'h\u00e9sitez pas \u00e0 exprimer vos r\u00e9clamations et suggestions. Nous les utiliserons pour tirer des le\u00e7ons et am\u00e9liorer notre service en cons\u00e9quence\u2026","breadcrumb":{"@id":"https:\/\/staging.hypotheekwinkel.be\/fr\/plainte-suggestions\/#breadcrumb"},"inLanguage":"fr-FR","potentialAction":[{"@type":"ReadAction","target":["https:\/\/staging.hypotheekwinkel.be\/fr\/plainte-suggestions\/"]}]},{"@type":"BreadcrumbList","@id":"https:\/\/staging.hypotheekwinkel.be\/fr\/plainte-suggestions\/#breadcrumb","itemListElement":[{"@type":"ListItem","position":1,"name":"Home","item":"https:\/\/staging.hypotheekwinkel.be\/fr\/"},{"@type":"ListItem","position":2,"name":"Une plainte ou des suggestions?"}]},{"@type":"WebSite","@id":"https:\/\/staging.hypotheekwinkel.be\/fr\/#website","url":"https:\/\/staging.hypotheekwinkel.be\/fr\/","name":"hypotheek.winkel","description":"","publisher":{"@id":"https:\/\/staging.hypotheekwinkel.be\/fr\/#organization"},"potentialAction":[{"@type":"SearchAction","target":{"@type":"EntryPoint","urlTemplate":"https:\/\/staging.hypotheekwinkel.be\/fr\/?s={search_term_string}"},"query-input":{"@type":"PropertyValueSpecification","valueRequired":true,"valueName":"search_term_string"}}],"inLanguage":"fr-FR"},{"@type":"Organization","@id":"https:\/\/staging.hypotheekwinkel.be\/fr\/#organization","name":"hypotheek.winkel","url":"https:\/\/staging.hypotheekwinkel.be\/fr\/","logo":{"@type":"ImageObject","inLanguage":"fr-FR","@id":"https:\/\/staging.hypotheekwinkel.be\/fr\/#\/schema\/logo\/image\/","url":"https:\/\/staging.hypotheekwinkel.be\/content\/uploads\/2022\/08\/HypotheekwinkelLogo_CMYK.png","contentUrl":"https:\/\/staging.hypotheekwinkel.be\/content\/uploads\/2022\/08\/HypotheekwinkelLogo_CMYK.png","width":1919,"height":1357,"caption":"hypotheek.winkel"},"image":{"@id":"https:\/\/staging.hypotheekwinkel.be\/fr\/#\/schema\/logo\/image\/"},"sameAs":["https:\/\/www.facebook.com\/hypotheek.winkel"]}]}},"_links":{"self":[{"href":"https:\/\/staging.hypotheekwinkel.be\/fr\/wp-json\/wp\/v2\/pages\/9079","targetHints":{"allow":["GET"]}}],"collection":[{"href":"https:\/\/staging.hypotheekwinkel.be\/fr\/wp-json\/wp\/v2\/pages"}],"about":[{"href":"https:\/\/staging.hypotheekwinkel.be\/fr\/wp-json\/wp\/v2\/types\/page"}],"author":[{"embeddable":true,"href":"https:\/\/staging.hypotheekwinkel.be\/fr\/wp-json\/wp\/v2\/users\/1"}],"replies":[{"embeddable":true,"href":"https:\/\/staging.hypotheekwinkel.be\/fr\/wp-json\/wp\/v2\/comments?post=9079"}],"version-history":[{"count":5,"href":"https:\/\/staging.hypotheekwinkel.be\/fr\/wp-json\/wp\/v2\/pages\/9079\/revisions"}],"predecessor-version":[{"id":9087,"href":"https:\/\/staging.hypotheekwinkel.be\/fr\/wp-json\/wp\/v2\/pages\/9079\/revisions\/9087"}],"wp:attachment":[{"href":"https:\/\/staging.hypotheekwinkel.be\/fr\/wp-json\/wp\/v2\/media?parent=9079"}],"curies":[{"name":"wp","href":"https:\/\/api.w.org\/{rel}","templated":true}]}}